{"id":732,"date":"2024-05-14T20:35:32","date_gmt":"2024-05-14T20:35:32","guid":{"rendered":"https:\/\/ramodernvillalari.com.tr\/?page_id=732"},"modified":"2024-07-02T16:50:52","modified_gmt":"2024-07-02T16:50:52","slug":"hakkimizda","status":"publish","type":"page","link":"https:\/\/lezginogluinsaat.com\/index.php\/hakkimizda\/","title":{"rendered":"Hakk\u0131m\u0131zda"},"content":{"rendered":"\t\t<div data-elementor-type=\"wp-page\" data-elementor-id=\"732\" class=\"elementor elementor-732\" data-elementor-post-type=\"page\">\n\t\t\t\t<div class=\"elementor-element elementor-element-2f5795a e-con-full e-flex e-con e-parent\" data-id=\"2f5795a\" data-element_type=\"container\" data-settings=\"{&quot;background_background&quot;:&quot;classic&quot;}\">\n\t\t\t\t<\/div>\n\t\t<div class=\"elementor-element elementor-element-289f2d4 e-flex e-con-boxed e-con e-parent\" data-id=\"289f2d4\" data-element_type=\"container\" data-settings=\"{&quot;background_background&quot;:&quot;classic&quot;}\">\n\t\t\t\t\t<div class=\"e-con-inner\">\n\t\t<div class=\"elementor-element elementor-element-b146fea e-con-full e-flex e-con e-child\" data-id=\"b146fea\" data-element_type=\"container\">\n\t\t\t\t<div class=\"elementor-element elementor-element-edb363b elementor-widget elementor-widget-heading\" data-id=\"edb363b\" data-element_type=\"widget\" data-widget_type=\"heading.default\">\n\t\t\t\t<div class=\"elementor-widget-container\">\n\t\t\t\t\t<h2 class=\"elementor-heading-title elementor-size-default\">Hakk\u0131m\u0131zda<\/h2>\t\t\t\t<\/div>\n\t\t\t\t<\/div>\n\t\t\t\t<div class=\"elementor-element elementor-element-c237e86 elementor-widget elementor-widget-text-editor\" data-id=\"c237e86\" data-element_type=\"widget\" data-widget_type=\"text-editor.default\">\n\t\t\t\t<div class=\"elementor-widget-container\">\n\t\t\t\t\t\t\t\t\t<p>Firmam\u0131z, in\u015faat sekt\u00f6r\u00fcnde kaba ve ince imalatlar ba\u015fta olmak \u00fczere bir\u00e7ok kalemde tecr\u00fcbeye sahiptir. Geli\u015fen sekt\u00f6rle birlikte her ge\u00e7en g\u00fcn kendini yenileyerek daha h\u0131zl\u0131, kaliteli ve \u00e7a\u011fda\u015f projelerle ba\u015far\u0131 \u00e7izgisini g\u00fcven i\u00e7erisinde devam ettirmektedir.<\/p><p>Lezgino\u011flu \u0130n\u015faat, faaliyetlerini 2018 y\u0131l\u0131ndan itibaren kurumsal anlamda s\u00fcrd\u00fcrmekte olup, hayata ge\u00e7irdi\u011fi projeleri teknoloji, g\u00fc\u00e7 ve sa\u011flam ilkelerle, daha b\u00fcy\u00fck hedefleri hayata ge\u00e7irmek i\u00e7in azim ve istikrarla \u00e7al\u0131\u015fmaktad\u0131r. Lezgino\u011flu \u0130n\u015faat anahtar teslim kaba-ince in\u015faat ve g\u00fc\u00e7lendirme gibi alanlarda faaliyet g\u00f6stermekte ve ald\u0131\u011f\u0131 projeleri en h\u0131zl\u0131 \u015fekilde teslim etmektedir.<\/p><p>Ger\u00e7ekle\u015ftirdi\u011fi t\u00fcm projelerde hizmet kalitesini, teknik \u00fcst\u00fcnl\u00fc\u011f\u00fcn\u00fc ve sahip oldu\u011fu deneyimini kullanan Lezgino\u011flu \u0130n\u015faat, m\u00fc\u015fteri memnuniyetini her zaman \u00f6n planda tutar. \u0130n\u015faat sekt\u00f6r\u00fcndeki kaliteli i\u015f anlay\u0131\u015f\u0131, yapt\u0131\u011f\u0131 i\u015flerde \u00e7\u0131tay\u0131 y\u00fcksek tutma politikas\u0131 ve sahip oldu\u011fu referanslar ile g\u00fcvenilirli\u011fini kan\u0131tlam\u0131\u015ft\u0131r. Lezgino\u011flu \u0130n\u015faat, kaliteli hizmet vermenin tecr\u00fcbesi ile kazan\u0131lan b\u00fcy\u00fck ba\u015far\u0131n\u0131n hakl\u0131 gururunu ya\u015famaktad\u0131r.<\/p><p>LEZG\u0130NO\u011eLU \u0130N\u015e.SAN. VE T\u0130C.LTD.\u015eT\u0130<\/p>\t\t\t\t\t\t\t\t<\/div>\n\t\t\t\t<\/div>\n\t\t\t\t<\/div>\n\t\t<div class=\"elementor-element elementor-element-4a81b5a e-con-full e-flex e-con e-child\" data-id=\"4a81b5a\" data-element_type=\"container\">\n\t\t<div class=\"elementor-element elementor-element-cf37d26 e-flex e-con-boxed e-con e-child\" data-id=\"cf37d26\" data-element_type=\"container\">\n\t\t\t\t\t<div class=\"e-con-inner\">\n\t\t\t\t<div class=\"elementor-element elementor-element-d4260cf elementor-widget elementor-widget-image\" data-id=\"d4260cf\" data-element_type=\"widget\" data-widget_type=\"image.default\">\n\t\t\t\t<div class=\"elementor-widget-container\">\n\t\t\t\t\t\t\t\t\t\t\t\t\t\t\t<img fetchpriority=\"high\" decoding=\"async\" width=\"529\" height=\"472\" src=\"https:\/\/lezginogluinsaat.com\/wp-content\/uploads\/2024\/06\/LEZGINOGLU_YENI_LOGOpdf-removebg-preview-1.png\" class=\"attachment-large size-large wp-image-880\" alt=\"\" srcset=\"https:\/\/lezginogluinsaat.com\/wp-content\/uploads\/2024\/06\/LEZGINOGLU_YENI_LOGOpdf-removebg-preview-1.png 529w, https:\/\/lezginogluinsaat.com\/wp-content\/uploads\/2024\/06\/LEZGINOGLU_YENI_LOGOpdf-removebg-preview-1-300x268.png 300w\" sizes=\"(max-width: 529px) 100vw, 529px\" \/>\t\t\t\t\t\t\t\t\t\t\t\t\t\t\t<\/div>\n\t\t\t\t<\/div>\n\t\t\t\t\t<\/div>\n\t\t\t\t<\/div>\n\t\t<div class=\"elementor-element elementor-element-ce72589 e-flex e-con-boxed e-con e-child\" data-id=\"ce72589\" data-element_type=\"container\">\n\t\t\t\t\t<div class=\"e-con-inner\">\n\t\t\t\t<div class=\"elementor-element elementor-element-41bc403 elementor-widget elementor-widget-text-editor\" data-id=\"41bc403\" data-element_type=\"widget\" data-widget_type=\"text-editor.default\">\n\t\t\t\t<div class=\"elementor-widget-container\">\n\t\t\t\t\t\t\t\t\t<h4>Misyonumuz<\/h4><p>Misyonumuz, modern in\u015faat tekniklerini ve y\u00fcksek kalite standartlar\u0131n\u0131 benimseyerek, m\u00fc\u015fterilerimize g\u00fcvenli ve estetik ya\u015fam alanlar\u0131 sunmakt\u0131r. Her projede m\u00fckemmelli\u011fi hedefleyerek, \u00e7evreye duyarl\u0131 ve s\u00fcrd\u00fcr\u00fclebilir yap\u0131lar in\u015fa ediyoruz. M\u00fc\u015fteri odakl\u0131 yakla\u015f\u0131m\u0131m\u0131zla, beklentilerin \u00f6tesinde hizmet sunmay\u0131 ama\u00e7l\u0131yoruz.<\/p>\t\t\t\t\t\t\t\t<\/div>\n\t\t\t\t<\/div>\n\t\t\t\t\t<\/div>\n\t\t\t\t<\/div>\n\t\t<div class=\"elementor-element elementor-element-0d1c896 e-flex e-con-boxed e-con e-child\" data-id=\"0d1c896\" data-element_type=\"container\">\n\t\t\t\t\t<div class=\"e-con-inner\">\n\t\t\t\t<div class=\"elementor-element elementor-element-620682a elementor-widget elementor-widget-text-editor\" data-id=\"620682a\" data-element_type=\"widget\" data-widget_type=\"text-editor.default\">\n\t\t\t\t<div class=\"elementor-widget-container\">\n\t\t\t\t\t\t\t\t\t<h4>Vizyonumuz<\/h4><p>Lezgino\u011flu \u0130n\u015faat olarak vizyonumuz, in\u015faat sekt\u00f6r\u00fcnde yenilik\u00e7i ve s\u00fcrd\u00fcr\u00fclebilir \u00e7\u00f6z\u00fcmler \u00fcreterek, ulusal ve uluslararas\u0131 alanda tan\u0131nan ve tercih edilen bir marka olmakt\u0131r. Kalite, g\u00fcven ve m\u00fc\u015fteri memnuniyetini her zaman \u00f6n planda tutarak, sekt\u00f6rde \u00f6nc\u00fc projelere imza atmay\u0131 hedefliyoruz.<\/p>\t\t\t\t\t\t\t\t<\/div>\n\t\t\t\t<\/div>\n\t\t\t\t\t<\/div>\n\t\t\t\t<\/div>\n\t\t\t\t<\/div>\n\t\t\t\t\t<\/div>\n\t\t\t\t<\/div>\n\t\t\t\t<\/div>\n\t\t","protected":false},"excerpt":{"rendered":"<p>Hakk\u0131m\u0131zda Firmam\u0131z, in\u015faat sekt\u00f6r\u00fcnde kaba ve ince imalatlar ba\u015fta olmak \u00fczere bir\u00e7ok kalemde tecr\u00fcbeye sahiptir. Geli\u015fen sekt\u00f6rle birlikte her ge\u00e7en g\u00fcn kendini yenileyerek daha h\u0131zl\u0131, kaliteli ve \u00e7a\u011fda\u015f projelerle ba\u015far\u0131 \u00e7izgisini g\u00fcven i\u00e7erisinde devam ettirmektedir. Lezgino\u011flu \u0130n\u015faat, faaliyetlerini 2018 y\u0131l\u0131ndan itibaren kurumsal anlamda s\u00fcrd\u00fcrmekte olup, hayata ge\u00e7irdi\u011fi projeleri teknoloji, g\u00fc\u00e7 ve sa\u011flam ilkelerle, daha b\u00fcy\u00fck&#8230;<\/p>\n","protected":false},"author":1,"featured_media":0,"parent":0,"menu_order":0,"comment_status":"closed","ping_status":"closed","template":"","meta":{"_kad_post_transparent":"default","_kad_post_title":"hide","_kad_post_layout":"fullwidth","_kad_post_sidebar_id":"","_kad_post_content_style":"unboxed","_kad_post_vertical_padding":"hide","_kad_post_feature":"hide","_kad_post_feature_position":"","_kad_post_header":false,"_kad_post_footer":false,"footnotes":""},"class_list":["post-732","page","type-page","status-publish","hentry"],"_links":{"self":[{"href":"https:\/\/lezginogluinsaat.com\/index.php\/wp-json\/wp\/v2\/pages\/732","targetHints":{"allow":["GET"]}}],"collection":[{"href":"https:\/\/lezginogluinsaat.com\/index.php\/wp-json\/wp\/v2\/pages"}],"about":[{"href":"https:\/\/lezginogluinsaat.com\/index.php\/wp-json\/wp\/v2\/types\/page"}],"author":[{"embeddable":true,"href":"https:\/\/lezginogluinsaat.com\/index.php\/wp-json\/wp\/v2\/users\/1"}],"replies":[{"embeddable":true,"href":"https:\/\/lezginogluinsaat.com\/index.php\/wp-json\/wp\/v2\/comments?post=732"}],"version-history":[{"count":49,"href":"https:\/\/lezginogluinsaat.com\/index.php\/wp-json\/wp\/v2\/pages\/732\/revisions"}],"predecessor-version":[{"id":1338,"href":"https:\/\/lezginogluinsaat.com\/index.php\/wp-json\/wp\/v2\/pages\/732\/revisions\/1338"}],"wp:attachment":[{"href":"https:\/\/lezginogluinsaat.com\/index.php\/wp-json\/wp\/v2\/media?parent=732"}],"curies":[{"name":"wp","href":"https:\/\/api.w.org\/{rel}","templated":true}]}}