{"id":206,"date":"2023-10-26T19:14:41","date_gmt":"2023-10-26T19:14:41","guid":{"rendered":"https:\/\/abahukukburosu.com\/?page_id=206"},"modified":"2024-06-27T10:44:31","modified_gmt":"2024-06-27T10:44:31","slug":"hizmetlerimiz-2","status":"publish","type":"page","link":"https:\/\/lezginogluinsaat.com\/index.php\/hizmetlerimiz-2\/","title":{"rendered":"PROJELER"},"content":{"rendered":"\t\t<div data-elementor-type=\"wp-page\" data-elementor-id=\"206\" class=\"elementor elementor-206\" data-elementor-post-type=\"page\">\n\t\t\t\t<div class=\"elementor-element elementor-element-3d28dfd e-con-full e-flex e-con e-parent\" data-id=\"3d28dfd\" data-element_type=\"container\" data-settings=\"{&quot;background_background&quot;:&quot;classic&quot;}\">\n\t\t\t\t<\/div>\n\t\t<div class=\"elementor-element elementor-element-5971c0fb e-flex e-con-boxed e-con e-parent\" data-id=\"5971c0fb\" data-element_type=\"container\" data-settings=\"{&quot;background_background&quot;:&quot;classic&quot;}\">\n\t\t\t\t\t<div class=\"e-con-inner\">\n\t\t<div class=\"elementor-element elementor-element-675da049 e-flex e-con-boxed e-con e-child\" data-id=\"675da049\" data-element_type=\"container\">\n\t\t\t\t\t<div class=\"e-con-inner\">\n\t\t\t\t<div class=\"elementor-element elementor-element-4f1702ad elementor-widget elementor-widget-image-box\" data-id=\"4f1702ad\" data-element_type=\"widget\" data-widget_type=\"image-box.default\">\n\t\t\t\t<div class=\"elementor-widget-container\">\n\t\t\t\t\t<div class=\"elementor-image-box-wrapper\"><div class=\"elementor-image-box-content\"><h2 class=\"elementor-image-box-title\">\u0130n\u015faat Projeleri<\/h2><p class=\"elementor-image-box-description\">\nLezgino\u011flu \u0130n\u015faat, konut, ticari ve end\u00fcstriyel yap\u0131lar ba\u015fta olmak \u00fczere geni\u015f bir yelpazede in\u015faat projeleri ger\u00e7ekle\u015ftirmektedir. Her projede, modern m\u00fchendislik teknikleri ve y\u00fcksek kaliteli malzemeler kullanarak, g\u00fcvenli, estetik ve fonksiyonel yap\u0131lar in\u015fa ediyoruz. M\u00fc\u015fterilerimizin ihtiya\u00e7lar\u0131n\u0131 ve beklentilerini dikkate alarak, ya\u015fam ve \u00e7al\u0131\u015fma alanlar\u0131na de\u011fer kat\u0131yoruz.<br> \n\nAlt Ba\u015fl\u0131klar:\nKonut \u0130n\u015faat\u0131: M\u00fcstakil evler, apartmanlar ve toplu konut projeleri.<br>\nTicari Yap\u0131lar: Ofis binalar\u0131, al\u0131\u015fveri\u015f merkezleri ve i\u015f yerleri.<br>\nEnd\u00fcstriyel Yap\u0131lar: Fabrikalar, depolar ve \u00fcretim tesisleri.<\/p><\/div><\/div>\t\t\t\t<\/div>\n\t\t\t\t<\/div>\n\t\t\t\t\t<\/div>\n\t\t\t\t<\/div>\n\t\t<div class=\"elementor-element elementor-element-cedc611 e-flex e-con-boxed e-con e-child\" data-id=\"cedc611\" data-element_type=\"container\">\n\t\t\t\t\t<div class=\"e-con-inner\">\n\t\t\t\t<div class=\"elementor-element elementor-element-4e76c57a elementor-hidden-mobile elementor-widget elementor-widget-image-box\" data-id=\"4e76c57a\" data-element_type=\"widget\" data-widget_type=\"image-box.default\">\n\t\t\t\t<div class=\"elementor-widget-container\">\n\t\t\t\t\t<div class=\"elementor-image-box-wrapper\"><div class=\"elementor-image-box-content\"><h3 class=\"elementor-image-box-title\">Proje Y\u00f6netimi<\/h3><p class=\"elementor-image-box-description\">\nLezgino\u011flu \u0130n\u015faat, proje y\u00f6netiminde profesyonel dan\u0131\u015fmanl\u0131k hizmetleri sunarak, projelerinizin her a\u015famas\u0131nda yan\u0131n\u0131zda olmaktad\u0131r. Planlama, b\u00fct\u00e7eleme, tedarik ve uygulama s\u00fcre\u00e7lerinde uzman ekibimizle projelerinizin zaman\u0131nda ve b\u00fct\u00e7e dahilinde tamamlanmas\u0131n\u0131 sa\u011fl\u0131yoruz. Etkili ileti\u015fim ve koordinasyonla, projelerinizin sorunsuz bir \u015fekilde ilerlemesini garanti ediyoruz.<br>\n\nAlt Ba\u015fl\u0131klar:\nPlanlama ve B\u00fct\u00e7eleme: Projenin ba\u015f\u0131ndan itibaren detayl\u0131 planlama ve maliyet y\u00f6netimi.<br>\nTedarik ve Lojistik: Malzeme ve ekipman tedari\u011fi, nakliye ve lojistik hizmetleri.\n\n<\/p><\/div><\/div>\t\t\t\t<\/div>\n\t\t\t\t<\/div>\n\t\t\t\t\t<\/div>\n\t\t\t\t<\/div>\n\t\t\t\t\t<\/div>\n\t\t\t\t<\/div>\n\t\t<div class=\"elementor-element elementor-element-518b3fd e-flex e-con-boxed e-con e-parent\" data-id=\"518b3fd\" data-element_type=\"container\" data-settings=\"{&quot;background_background&quot;:&quot;classic&quot;}\">\n\t\t\t\t\t<div class=\"e-con-inner\">\n\t\t<div class=\"elementor-element elementor-element-74cfa1a e-flex e-con-boxed e-con e-child\" data-id=\"74cfa1a\" data-element_type=\"container\">\n\t\t\t\t\t<div class=\"e-con-inner\">\n\t\t\t\t<div class=\"elementor-element elementor-element-8f4ef35 elementor-widget elementor-widget-image-box\" data-id=\"8f4ef35\" data-element_type=\"widget\" data-widget_type=\"image-box.default\">\n\t\t\t\t<div class=\"elementor-widget-container\">\n\t\t\t\t\t<div class=\"elementor-image-box-wrapper\"><div class=\"elementor-image-box-content\"><h2 class=\"elementor-image-box-title\">\u00c7evre ve Peyzaj D\u00fczenlemeleri<\/h2><p class=\"elementor-image-box-description\">\nLezgino\u011flu \u0130n\u015faat, \u00e7evre ve peyzaj d\u00fczenlemeleri konusunda da hizmet vermektedir. Do\u011fal ve yap\u0131sal peyzaj projeleri ile ya\u015fam alanlar\u0131n\u0131n estetik ve fonksiyonel a\u00e7\u0131dan zenginle\u015ftirilmesini sa\u011fl\u0131yoruz.<br> Modern peyzaj teknikleri kullanarak, \u00e7evresel s\u00fcrd\u00fcr\u00fclebilirli\u011fi g\u00f6z \u00f6n\u00fcnde bulunduran \u00e7\u00f6z\u00fcmler \u00fcretiyoruz.<br>\nBah\u00e7e ve Park D\u00fczenlemeleri: \u00d6zel ve kamusal alanlarda bah\u00e7e ve park d\u00fczenlemeleri.<br>\nY\u00fcr\u00fcme Yollar\u0131 ve A\u00e7\u0131k Alanlar: Y\u00fcr\u00fcme yollar\u0131, oyun alanlar\u0131 ve dinlenme alanlar\u0131n\u0131n tasar\u0131m\u0131 ve in\u015fas\u0131.<br>\nYe\u015fil \u00c7at\u0131 ve Dikey Bah\u00e7eler: Binalarda ye\u015fil \u00e7at\u0131 sistemleri ve dikey bah\u00e7e uygulamalar\u0131 ile \u00e7evresel faydalar sa\u011flama.\nAlt Ba\u015fl\u0131klar:\nKonut \u0130n\u015faat\u0131: M\u00fcstakil evler, apartmanlar ve toplu konut projeleri.<br>\nTicari Yap\u0131lar: Ofis binalar\u0131, al\u0131\u015fveri\u015f merkezleri ve i\u015f yerleri.<br>\nEnd\u00fcstriyel Yap\u0131lar: Fabrikalar, depolar ve \u00fcretim tesisleri.<\/p><\/div><\/div>\t\t\t\t<\/div>\n\t\t\t\t<\/div>\n\t\t\t\t\t<\/div>\n\t\t\t\t<\/div>\n\t\t<div class=\"elementor-element elementor-element-a31074b e-flex e-con-boxed e-con e-child\" data-id=\"a31074b\" data-element_type=\"container\">\n\t\t\t\t\t<div class=\"e-con-inner\">\n\t\t\t\t<div class=\"elementor-element elementor-element-dec703e elementor-hidden-mobile elementor-widget elementor-widget-image-box\" data-id=\"dec703e\" data-element_type=\"widget\" data-widget_type=\"image-box.default\">\n\t\t\t\t<div class=\"elementor-widget-container\">\n\t\t\t\t\t<div class=\"elementor-image-box-wrapper\"><div class=\"elementor-image-box-content\"><h3 class=\"elementor-image-box-title\">Kentsel D\u00f6n\u00fc\u015f\u00fcm Projeleri<\/h3><p class=\"elementor-image-box-description\">Lezgino\u011flu \u0130n\u015faat, kentsel d\u00f6n\u00fc\u015f\u00fcm projelerinde uzmanla\u015farak, \u015fehirlerin daha modern ve ya\u015fanabilir hale gelmesine katk\u0131 sa\u011flamaktad\u0131r.<br> Mevcut yap\u0131lar\u0131n yenilenmesi ve altyap\u0131lar\u0131n iyile\u015ftirilmesi s\u00fcre\u00e7lerinde, \u00e7evresel ve toplumsal etkileri dikkate alarak projeler geli\u015ftiriyoruz. G\u00fcvenli, estetik ve s\u00fcrd\u00fcr\u00fclebilir ya\u015fam alanlar\u0131 olu\u015fturmak i\u00e7in \u00e7al\u0131\u015f\u0131yoruz.<br>\n\nRiskli Yap\u0131lar\u0131n Yenilenmesi: Deprem riski ta\u015f\u0131yan veya \u00f6mr\u00fcn\u00fc tamamlam\u0131\u015f binalar\u0131n yenilenmesi.<br>\nAltyap\u0131 \u0130yile\u015ftirmeleri: Su, elektrik, kanalizasyon gibi altyap\u0131 hizmetlerinin modernizasyonu.<br>\nYe\u015fil Alan ve Park Projeleri: \u015eehir i\u00e7indeki ye\u015fil alanlar\u0131n ve parklar\u0131n art\u0131r\u0131lmas\u0131 ve d\u00fczenlenmesi.<br>\nPlanlama ve B\u00fct\u00e7eleme: Projenin ba\u015f\u0131ndan itibaren detayl\u0131 planlama ve maliyet y\u00f6netimi.<br>\nTedarik ve Lojistik: Malzeme ve ekipman tedari\u011fi, nakliye ve lojistik hizmetleri.\n\n<\/p><\/div><\/div>\t\t\t\t<\/div>\n\t\t\t\t<\/div>\n\t\t\t\t\t<\/div>\n\t\t\t\t<\/div>\n\t\t\t\t\t<\/div>\n\t\t\t\t<\/div>\n\t\t<div class=\"elementor-element elementor-element-4250230f e-flex e-con-boxed e-con e-parent\" data-id=\"4250230f\" data-element_type=\"container\" data-settings=\"{&quot;background_background&quot;:&quot;classic&quot;}\">\n\t\t\t\t\t<div class=\"e-con-inner\">\n\t\t\t\t<div class=\"elementor-element elementor-element-516a8a57 elementor-widget elementor-widget-spacer\" data-id=\"516a8a57\" data-element_type=\"widget\" data-widget_type=\"spacer.default\">\n\t\t\t\t<div class=\"elementor-widget-container\">\n\t\t\t\t\t\t\t<div class=\"elementor-spacer\">\n\t\t\t<div class=\"elementor-spacer-inner\"><\/div>\n\t\t<\/div>\n\t\t\t\t\t\t<\/div>\n\t\t\t\t<\/div>\n\t\t\t\t<div class=\"elementor-element elementor-element-588706ad elementor-widget elementor-widget-heading\" data-id=\"588706ad\" data-element_type=\"widget\" data-widget_type=\"heading.default\">\n\t\t\t\t<div class=\"elementor-widget-container\">\n\t\t\t\t\t<h2 class=\"elementor-heading-title elementor-size-default\">LEZG\u0130NO\u011eLU \u0130N\u015eAAT REFERANSLARIMIZ<\/h2>\t\t\t\t<\/div>\n\t\t\t\t<\/div>\n\t\t\t\t<div class=\"elementor-element elementor-element-397e65cb elementor-arrows-position-inside elementor-pagination-position-outside elementor-widget elementor-widget-image-carousel\" data-id=\"397e65cb\" data-element_type=\"widget\" data-settings=\"{&quot;image_spacing_custom&quot;:{&quot;unit&quot;:&quot;px&quot;,&quot;size&quot;:8,&quot;sizes&quot;:[]},&quot;navigation&quot;:&quot;both&quot;,&quot;autoplay&quot;:&quot;yes&quot;,&quot;pause_on_hover&quot;:&quot;yes&quot;,&quot;pause_on_interaction&quot;:&quot;yes&quot;,&quot;autoplay_speed&quot;:5000,&quot;infinite&quot;:&quot;yes&quot;,&quot;speed&quot;:500,&quot;image_spacing_custom_tablet&quot;:{&quot;unit&quot;:&quot;px&quot;,&quot;size&quot;:&quot;&quot;,&quot;sizes&quot;:[]},&quot;image_spacing_custom_mobile&quot;:{&quot;unit&quot;:&quot;px&quot;,&quot;size&quot;:&quot;&quot;,&quot;sizes&quot;:[]}}\" data-widget_type=\"image-carousel.default\">\n\t\t\t\t<div class=\"elementor-widget-container\">\n\t\t\t\t\t\t\t<div class=\"elementor-image-carousel-wrapper swiper\" role=\"region\" aria-roledescription=\"carousel\" aria-label=\"Resim D\u00f6ng\u00fcs\u00fc\" dir=\"ltr\">\n\t\t\t<div class=\"elementor-image-carousel swiper-wrapper\" aria-live=\"off\">\n\t\t\t\t\t\t\t\t<div class=\"swiper-slide\" role=\"group\" aria-roledescription=\"slide\" aria-label=\"1 \/ 10\"><figure class=\"swiper-slide-inner\"><img decoding=\"async\" class=\"swiper-slide-image\" src=\"https:\/\/lezginogluinsaat.com\/wp-content\/uploads\/2024\/06\/ANKARA-ALTINDAG-BELEDIYE-BINASI2.jpg\" alt=\"ANKARA ALTINDA\u011e  BELED\u0130YE B\u0130NASI VE OTOPARK PROJES\u0130\" \/><figcaption class=\"elementor-image-carousel-caption\">ANKARA ALTINDA\u011e  BELED\u0130YE B\u0130NASI VE OTOPARK PROJES\u0130<\/figcaption><\/figure><\/div><div class=\"swiper-slide\" role=\"group\" aria-roledescription=\"slide\" aria-label=\"2 \/ 10\"><figure class=\"swiper-slide-inner\"><img decoding=\"async\" class=\"swiper-slide-image\" src=\"https:\/\/lezginogluinsaat.com\/wp-content\/uploads\/2024\/06\/CEKMEKOY-1.jpg\" alt=\"EMLAK KONUT \u00c7INARK\u00d6Y EVLER\u0130 \u00c7EKMEK\u00d6Y KONUT PROJES\u0130\" \/><figcaption class=\"elementor-image-carousel-caption\">EMLAK KONUT \u00c7INARK\u00d6Y EVLER\u0130 \u00c7EKMEK\u00d6Y KONUT PROJES\u0130<\/figcaption><\/figure><\/div><div class=\"swiper-slide\" role=\"group\" aria-roledescription=\"slide\" aria-label=\"3 \/ 10\"><figure class=\"swiper-slide-inner\"><img decoding=\"async\" class=\"swiper-slide-image\" src=\"https:\/\/lezginogluinsaat.com\/wp-content\/uploads\/2024\/06\/MALTEPE-IETT-BLOKLARI.jpg\" alt=\"MALTEPE \u0130ETT KONUTLARI 1\" \/><figcaption class=\"elementor-image-carousel-caption\">MALTEPE \u0130ETT KONUTLARI 1 <\/figcaption><\/figure><\/div><div class=\"swiper-slide\" role=\"group\" aria-roledescription=\"slide\" aria-label=\"4 \/ 10\"><figure class=\"swiper-slide-inner\"><img decoding=\"async\" class=\"swiper-slide-image\" src=\"https:\/\/lezginogluinsaat.com\/wp-content\/uploads\/2024\/06\/ANKARA-ALTINDAG-BELEDIYE-BINASI.jpg\" alt=\"ANKARA ALTINDA\u011e  BELED\u0130YE B\u0130NASI VE OTOPARK PROJES\u0130\" \/><figcaption class=\"elementor-image-carousel-caption\">ANKARA ALTINDA\u011e  BELED\u0130YE B\u0130NASI VE OTOPARK PROJES\u0130<\/figcaption><\/figure><\/div><div class=\"swiper-slide\" role=\"group\" aria-roledescription=\"slide\" aria-label=\"5 \/ 10\"><figure class=\"swiper-slide-inner\"><img decoding=\"async\" class=\"swiper-slide-image\" src=\"https:\/\/lezginogluinsaat.com\/wp-content\/uploads\/2024\/06\/CEKMEKOY2.jpg\" alt=\"EMLAK KONUT \u00c7INARK\u00d6Y EVLER\u0130 \u00c7EKMEK\u00d6Y KONUT PROJES\u0130\" \/><figcaption class=\"elementor-image-carousel-caption\">EMLAK KONUT \u00c7INARK\u00d6Y EVLER\u0130 \u00c7EKMEK\u00d6Y KONUT PROJES\u0130<\/figcaption><\/figure><\/div><div class=\"swiper-slide\" role=\"group\" aria-roledescription=\"slide\" aria-label=\"6 \/ 10\"><figure class=\"swiper-slide-inner\"><img decoding=\"async\" class=\"swiper-slide-image\" src=\"https:\/\/lezginogluinsaat.com\/wp-content\/uploads\/2024\/06\/EMLAK-KONUT-MIMAR-SINAN-EVLERI.jpg\" alt=\"EMLAK KONUT PROJES\u0130 M\u0130MAR S\u0130NAN EVLER\u0130 SULTANBEYL\u0130\" \/><figcaption class=\"elementor-image-carousel-caption\">EMLAK KONUT PROJES\u0130 M\u0130MAR S\u0130NAN EVLER\u0130 SULTANBEYL\u0130<\/figcaption><\/figure><\/div><div class=\"swiper-slide\" role=\"group\" aria-roledescription=\"slide\" aria-label=\"7 \/ 10\"><figure class=\"swiper-slide-inner\"><img decoding=\"async\" class=\"swiper-slide-image\" src=\"https:\/\/lezginogluinsaat.com\/wp-content\/uploads\/2024\/06\/EMLAK-KONUT-MIMAR-SINAN-EVLERI2.jpg\" alt=\"EMLAK KONUT PROJES\u0130 M\u0130MAR S\u0130NAN EVLER\u0130 SULTANBEYL\u0130\" \/><figcaption class=\"elementor-image-carousel-caption\">EMLAK KONUT PROJES\u0130 M\u0130MAR S\u0130NAN EVLER\u0130 SULTANBEYL\u0130<\/figcaption><\/figure><\/div><div class=\"swiper-slide\" role=\"group\" aria-roledescription=\"slide\" aria-label=\"8 \/ 10\"><figure class=\"swiper-slide-inner\"><img decoding=\"async\" class=\"swiper-slide-image\" src=\"https:\/\/lezginogluinsaat.com\/wp-content\/uploads\/2024\/06\/RENGI-ANTALYA-OTEL.jpg\" alt=\"RENG\u0130 ANTALYA PREM\u0130UM\" \/><figcaption class=\"elementor-image-carousel-caption\">RENG\u0130 ANTALYA PREM\u0130UM<\/figcaption><\/figure><\/div><div class=\"swiper-slide\" role=\"group\" aria-roledescription=\"slide\" aria-label=\"9 \/ 10\"><figure class=\"swiper-slide-inner\"><img decoding=\"async\" class=\"swiper-slide-image\" src=\"https:\/\/lezginogluinsaat.com\/wp-content\/uploads\/2024\/06\/RENGI-ANTALYA-OTEL2.jpg\" alt=\"KARAARSLANO\u011eLU \u0130N\u015eAAT RENG\u0130 ANTALYA PREM\u0130UM PROJES\u0130\" \/><figcaption class=\"elementor-image-carousel-caption\"> KARAARSLANO\u011eLU \u0130N\u015eAAT RENG\u0130 ANTALYA PREM\u0130UM PROJES\u0130<\/figcaption><\/figure><\/div><div class=\"swiper-slide\" role=\"group\" aria-roledescription=\"slide\" aria-label=\"10 \/ 10\"><figure class=\"swiper-slide-inner\"><img decoding=\"async\" class=\"swiper-slide-image\" src=\"https:\/\/lezginogluinsaat.com\/wp-content\/uploads\/2024\/06\/MALTEPE-IETT-BLOKLARI2.jpg\" alt=\"\u0130STANBUL MALTEPE \u0130ETT BLOKLARI KENTSEL D\u00d6N\u00dc\u015e\u00dcM PROJES\u0130\" \/><figcaption class=\"elementor-image-carousel-caption\">\u0130STANBUL MALTEPE \u0130ETT BLOKLARI KENTSEL D\u00d6N\u00dc\u015e\u00dcM PROJES\u0130<\/figcaption><\/figure><\/div>\t\t\t<\/div>\n\t\t\t\t\t\t\t\t\t\t\t\t<div class=\"elementor-swiper-button elementor-swiper-button-prev\" role=\"button\" tabindex=\"0\">\n\t\t\t\t\t\t<i aria-hidden=\"true\" class=\"eicon-chevron-left\"><\/i>\t\t\t\t\t<\/div>\n\t\t\t\t\t<div class=\"elementor-swiper-button elementor-swiper-button-next\" role=\"button\" tabindex=\"0\">\n\t\t\t\t\t\t<i aria-hidden=\"true\" class=\"eicon-chevron-right\"><\/i>\t\t\t\t\t<\/div>\n\t\t\t\t\n\t\t\t\t\t\t\t\t\t<div class=\"swiper-pagination\"><\/div>\n\t\t\t\t\t\t\t\t\t<\/div>\n\t\t\t\t\t\t<\/div>\n\t\t\t\t<\/div>\n\t\t\t\t\t<\/div>\n\t\t\t\t<\/div>\n\t\t\t\t<\/div>\n\t\t","protected":false},"excerpt":{"rendered":"<p>\u0130n\u015faat Projeleri Lezgino\u011flu \u0130n\u015faat, konut, ticari ve end\u00fcstriyel yap\u0131lar ba\u015fta olmak \u00fczere geni\u015f bir yelpazede in\u015faat projeleri ger\u00e7ekle\u015ftirmektedir. Her projede, modern m\u00fchendislik teknikleri ve y\u00fcksek kaliteli malzemeler kullanarak, g\u00fcvenli, estetik ve fonksiyonel yap\u0131lar in\u015fa ediyoruz. M\u00fc\u015fterilerimizin ihtiya\u00e7lar\u0131n\u0131 ve beklentilerini dikkate alarak, ya\u015fam ve \u00e7al\u0131\u015fma alanlar\u0131na de\u011fer kat\u0131yoruz. Alt Ba\u015fl\u0131klar: Konut \u0130n\u015faat\u0131: M\u00fcstakil evler, apartmanlar ve&#8230;<\/p>\n","protected":false},"author":1,"featured_media":0,"parent":0,"menu_order":0,"comment_status":"closed","ping_status":"closed","template":"","meta":{"_kad_post_transparent":"default","_kad_post_title":"hide","_kad_post_layout":"fullwidth","_kad_post_sidebar_id":"","_kad_post_content_style":"unboxed","_kad_post_vertical_padding":"hide","_kad_post_feature":"hide","_kad_post_feature_position":"","_kad_post_header":false,"_kad_post_footer":false,"footnotes":""},"class_list":["post-206","page","type-page","status-publish","hentry"],"_links":{"self":[{"href":"https:\/\/lezginogluinsaat.com\/index.php\/wp-json\/wp\/v2\/pages\/206","targetHints":{"allow":["GET"]}}],"collection":[{"href":"https:\/\/lezginogluinsaat.com\/index.php\/wp-json\/wp\/v2\/pages"}],"about":[{"href":"https:\/\/lezginogluinsaat.com\/index.php\/wp-json\/wp\/v2\/types\/page"}],"author":[{"embeddable":true,"href":"https:\/\/lezginogluinsaat.com\/index.php\/wp-json\/wp\/v2\/users\/1"}],"replies":[{"embeddable":true,"href":"https:\/\/lezginogluinsaat.com\/index.php\/wp-json\/wp\/v2\/comments?post=206"}],"version-history":[{"count":130,"href":"https:\/\/lezginogluinsaat.com\/index.php\/wp-json\/wp\/v2\/pages\/206\/revisions"}],"predecessor-version":[{"id":1019,"href":"https:\/\/lezginogluinsaat.com\/index.php\/wp-json\/wp\/v2\/pages\/206\/revisions\/1019"}],"wp:attachment":[{"href":"https:\/\/lezginogluinsaat.com\/index.php\/wp-json\/wp\/v2\/media?parent=206"}],"curies":[{"name":"wp","href":"https:\/\/api.w.org\/{rel}","templated":true}]}}