{"id":1579,"date":"2025-07-09T15:08:07","date_gmt":"2025-07-09T15:08:07","guid":{"rendered":"https:\/\/lezginogluinsaat.com\/?page_id=1579"},"modified":"2025-07-09T16:01:41","modified_gmt":"2025-07-09T16:01:41","slug":"izmir-bayrakli-boran-sitesi-kentsel-donusum-projesi","status":"publish","type":"page","link":"https:\/\/lezginogluinsaat.com\/index.php\/izmir-bayrakli-boran-sitesi-kentsel-donusum-projesi\/","title":{"rendered":"\u0130ZM\u0130R\/BAYRAKLI BORAN S\u0130TES\u0130 KENTSEL D\u00d6N\u00dc\u015e\u00dcM PROJES\u0130"},"content":{"rendered":"\t\t<div data-elementor-type=\"wp-page\" data-elementor-id=\"1579\" class=\"elementor elementor-1579\" data-elementor-post-type=\"page\">\n\t\t\t\t<div class=\"elementor-element elementor-element-37dc472 e-con-full e-flex e-con e-parent\" data-id=\"37dc472\" data-element_type=\"container\" data-settings=\"{&quot;background_background&quot;:&quot;classic&quot;}\">\n\t\t\t\t<\/div>\n\t\t<div class=\"elementor-element elementor-element-e5e12f3 e-flex e-con-boxed e-con e-parent\" data-id=\"e5e12f3\" data-element_type=\"container\">\n\t\t\t\t\t<div class=\"e-con-inner\">\n\t\t<div class=\"elementor-element elementor-element-54bd7ee e-con-full e-flex e-con e-child\" data-id=\"54bd7ee\" data-element_type=\"container\">\n\t\t\t\t<div class=\"elementor-element elementor-element-0e59af7 elementor-widget elementor-widget-image\" data-id=\"0e59af7\" data-element_type=\"widget\" data-widget_type=\"image.default\">\n\t\t\t\t<div class=\"elementor-widget-container\">\n\t\t\t\t\t\t\t\t\t\t\t\t\t\t\t<img fetchpriority=\"high\" decoding=\"async\" width=\"1024\" height=\"576\" src=\"https:\/\/lezginogluinsaat.com\/wp-content\/uploads\/2025\/07\/WhatsApp-Image-2025-05-27-at-12.11.05-6-1024x576.jpeg\" class=\"attachment-large size-large wp-image-1565\" alt=\"\" srcset=\"https:\/\/lezginogluinsaat.com\/wp-content\/uploads\/2025\/07\/WhatsApp-Image-2025-05-27-at-12.11.05-6-1024x576.jpeg 1024w, https:\/\/lezginogluinsaat.com\/wp-content\/uploads\/2025\/07\/WhatsApp-Image-2025-05-27-at-12.11.05-6-300x169.jpeg 300w, https:\/\/lezginogluinsaat.com\/wp-content\/uploads\/2025\/07\/WhatsApp-Image-2025-05-27-at-12.11.05-6-768x432.jpeg 768w, https:\/\/lezginogluinsaat.com\/wp-content\/uploads\/2025\/07\/WhatsApp-Image-2025-05-27-at-12.11.05-6-1536x864.jpeg 1536w, https:\/\/lezginogluinsaat.com\/wp-content\/uploads\/2025\/07\/WhatsApp-Image-2025-05-27-at-12.11.05-6-2048x1152.jpeg 2048w\" sizes=\"(max-width: 1024px) 100vw, 1024px\" \/>\t\t\t\t\t\t\t\t\t\t\t\t\t\t\t<\/div>\n\t\t\t\t<\/div>\n\t\t\t\t<div class=\"elementor-element elementor-element-0274fb8 elementor-widget elementor-widget-image\" data-id=\"0274fb8\" data-element_type=\"widget\" data-widget_type=\"image.default\">\n\t\t\t\t<div class=\"elementor-widget-container\">\n\t\t\t\t\t\t\t\t\t\t\t\t\t\t\t<img decoding=\"async\" width=\"1024\" height=\"768\" src=\"https:\/\/lezginogluinsaat.com\/wp-content\/uploads\/2025\/07\/WhatsApp-Image-2025-06-10-at-19.46.30-1024x768.jpeg\" class=\"attachment-large size-large wp-image-1564\" alt=\"\" srcset=\"https:\/\/lezginogluinsaat.com\/wp-content\/uploads\/2025\/07\/WhatsApp-Image-2025-06-10-at-19.46.30-1024x768.jpeg 1024w, https:\/\/lezginogluinsaat.com\/wp-content\/uploads\/2025\/07\/WhatsApp-Image-2025-06-10-at-19.46.30-300x225.jpeg 300w, https:\/\/lezginogluinsaat.com\/wp-content\/uploads\/2025\/07\/WhatsApp-Image-2025-06-10-at-19.46.30-768x576.jpeg 768w, https:\/\/lezginogluinsaat.com\/wp-content\/uploads\/2025\/07\/WhatsApp-Image-2025-06-10-at-19.46.30-1536x1152.jpeg 1536w, https:\/\/lezginogluinsaat.com\/wp-content\/uploads\/2025\/07\/WhatsApp-Image-2025-06-10-at-19.46.30.jpeg 1600w\" sizes=\"(max-width: 1024px) 100vw, 1024px\" \/>\t\t\t\t\t\t\t\t\t\t\t\t\t\t\t<\/div>\n\t\t\t\t<\/div>\n\t\t\t\t<\/div>\n\t\t<div class=\"elementor-element elementor-element-56d25dc e-con-full e-flex e-con e-child\" data-id=\"56d25dc\" data-element_type=\"container\">\n\t\t\t\t<div class=\"elementor-element elementor-element-23f88c9 elementor-widget elementor-widget-image\" data-id=\"23f88c9\" data-element_type=\"widget\" data-widget_type=\"image.default\">\n\t\t\t\t<div class=\"elementor-widget-container\">\n\t\t\t\t\t\t\t\t\t\t\t\t\t\t\t<img decoding=\"async\" width=\"1024\" height=\"576\" src=\"https:\/\/lezginogluinsaat.com\/wp-content\/uploads\/2025\/07\/WhatsApp-Image-2025-06-10-at-19.46.30-2-1024x576.jpeg\" class=\"attachment-large size-large wp-image-1562\" alt=\"\" srcset=\"https:\/\/lezginogluinsaat.com\/wp-content\/uploads\/2025\/07\/WhatsApp-Image-2025-06-10-at-19.46.30-2-1024x576.jpeg 1024w, https:\/\/lezginogluinsaat.com\/wp-content\/uploads\/2025\/07\/WhatsApp-Image-2025-06-10-at-19.46.30-2-300x169.jpeg 300w, https:\/\/lezginogluinsaat.com\/wp-content\/uploads\/2025\/07\/WhatsApp-Image-2025-06-10-at-19.46.30-2-768x432.jpeg 768w, https:\/\/lezginogluinsaat.com\/wp-content\/uploads\/2025\/07\/WhatsApp-Image-2025-06-10-at-19.46.30-2-1536x864.jpeg 1536w, https:\/\/lezginogluinsaat.com\/wp-content\/uploads\/2025\/07\/WhatsApp-Image-2025-06-10-at-19.46.30-2.jpeg 1600w\" sizes=\"(max-width: 1024px) 100vw, 1024px\" \/>\t\t\t\t\t\t\t\t\t\t\t\t\t\t\t<\/div>\n\t\t\t\t<\/div>\n\t\t\t\t<div class=\"elementor-element elementor-element-f03caa7 elementor-widget elementor-widget-image\" data-id=\"f03caa7\" data-element_type=\"widget\" data-widget_type=\"image.default\">\n\t\t\t\t<div class=\"elementor-widget-container\">\n\t\t\t\t\t\t\t\t\t\t\t\t\t\t\t<img loading=\"lazy\" decoding=\"async\" width=\"1024\" height=\"576\" src=\"https:\/\/lezginogluinsaat.com\/wp-content\/uploads\/2025\/07\/WhatsApp-Image-2025-05-27-at-12.11.05-5-1024x576.jpeg\" class=\"attachment-large size-large wp-image-1566\" alt=\"\" srcset=\"https:\/\/lezginogluinsaat.com\/wp-content\/uploads\/2025\/07\/WhatsApp-Image-2025-05-27-at-12.11.05-5-1024x576.jpeg 1024w, https:\/\/lezginogluinsaat.com\/wp-content\/uploads\/2025\/07\/WhatsApp-Image-2025-05-27-at-12.11.05-5-300x169.jpeg 300w, https:\/\/lezginogluinsaat.com\/wp-content\/uploads\/2025\/07\/WhatsApp-Image-2025-05-27-at-12.11.05-5-768x432.jpeg 768w, https:\/\/lezginogluinsaat.com\/wp-content\/uploads\/2025\/07\/WhatsApp-Image-2025-05-27-at-12.11.05-5-1536x864.jpeg 1536w, https:\/\/lezginogluinsaat.com\/wp-content\/uploads\/2025\/07\/WhatsApp-Image-2025-05-27-at-12.11.05-5-2048x1152.jpeg 2048w\" sizes=\"(max-width: 1024px) 100vw, 1024px\" \/>\t\t\t\t\t\t\t\t\t\t\t\t\t\t\t<\/div>\n\t\t\t\t<\/div>\n\t\t\t\t<div class=\"elementor-element elementor-element-fd84f8b elementor-widget elementor-widget-image\" data-id=\"fd84f8b\" data-element_type=\"widget\" data-widget_type=\"image.default\">\n\t\t\t\t<div class=\"elementor-widget-container\">\n\t\t\t\t\t\t\t\t\t\t\t\t\t\t\t<img loading=\"lazy\" decoding=\"async\" width=\"1024\" height=\"576\" src=\"https:\/\/lezginogluinsaat.com\/wp-content\/uploads\/2025\/07\/WhatsApp-Image-2025-05-27-at-12.11.05-3-1024x576.jpeg\" class=\"attachment-large size-large wp-image-1568\" alt=\"\" srcset=\"https:\/\/lezginogluinsaat.com\/wp-content\/uploads\/2025\/07\/WhatsApp-Image-2025-05-27-at-12.11.05-3-1024x576.jpeg 1024w, https:\/\/lezginogluinsaat.com\/wp-content\/uploads\/2025\/07\/WhatsApp-Image-2025-05-27-at-12.11.05-3-300x169.jpeg 300w, https:\/\/lezginogluinsaat.com\/wp-content\/uploads\/2025\/07\/WhatsApp-Image-2025-05-27-at-12.11.05-3-768x432.jpeg 768w, https:\/\/lezginogluinsaat.com\/wp-content\/uploads\/2025\/07\/WhatsApp-Image-2025-05-27-at-12.11.05-3-1536x864.jpeg 1536w, https:\/\/lezginogluinsaat.com\/wp-content\/uploads\/2025\/07\/WhatsApp-Image-2025-05-27-at-12.11.05-3-2048x1152.jpeg 2048w\" sizes=\"(max-width: 1024px) 100vw, 1024px\" \/>\t\t\t\t\t\t\t\t\t\t\t\t\t\t\t<\/div>\n\t\t\t\t<\/div>\n\t\t\t\t<\/div>\n\t\t<div class=\"elementor-element elementor-element-10a91e2 e-con-full e-flex e-con e-child\" data-id=\"10a91e2\" data-element_type=\"container\">\n\t\t\t\t<div class=\"elementor-element elementor-element-0e389e4 elementor-widget elementor-widget-image\" data-id=\"0e389e4\" data-element_type=\"widget\" data-widget_type=\"image.default\">\n\t\t\t\t<div class=\"elementor-widget-container\">\n\t\t\t\t\t\t\t\t\t\t\t\t\t\t\t<img decoding=\"async\" src=\"https:\/\/lezginogluinsaat.com\/wp-content\/uploads\/elementor\/thumbs\/WhatsApp-Image-2025-06-10-at-19.46.30-3-r8idlzcx3vkbbu56z0a1mxa1f56rxbkw07gz4s9htk.jpeg\" title=\"WhatsApp Image 2025-06-10 at 19.46.30 (3)\" alt=\"WhatsApp Image 2025-06-10 at 19.46.30 (3)\" loading=\"lazy\" \/>\t\t\t\t\t\t\t\t\t\t\t\t\t\t\t<\/div>\n\t\t\t\t<\/div>\n\t\t\t\t<div class=\"elementor-element elementor-element-da7fafd elementor-widget elementor-widget-image\" data-id=\"da7fafd\" data-element_type=\"widget\" data-widget_type=\"image.default\">\n\t\t\t\t<div class=\"elementor-widget-container\">\n\t\t\t\t\t\t\t\t\t\t\t\t\t\t\t<img loading=\"lazy\" decoding=\"async\" width=\"1024\" height=\"576\" src=\"https:\/\/lezginogluinsaat.com\/wp-content\/uploads\/2025\/07\/WhatsApp-Image-2025-05-27-at-12.11.05-2-1024x576.jpeg\" class=\"attachment-large size-large wp-image-1569\" alt=\"\" srcset=\"https:\/\/lezginogluinsaat.com\/wp-content\/uploads\/2025\/07\/WhatsApp-Image-2025-05-27-at-12.11.05-2-1024x576.jpeg 1024w, https:\/\/lezginogluinsaat.com\/wp-content\/uploads\/2025\/07\/WhatsApp-Image-2025-05-27-at-12.11.05-2-300x169.jpeg 300w, https:\/\/lezginogluinsaat.com\/wp-content\/uploads\/2025\/07\/WhatsApp-Image-2025-05-27-at-12.11.05-2-768x432.jpeg 768w, https:\/\/lezginogluinsaat.com\/wp-content\/uploads\/2025\/07\/WhatsApp-Image-2025-05-27-at-12.11.05-2-1536x864.jpeg 1536w, https:\/\/lezginogluinsaat.com\/wp-content\/uploads\/2025\/07\/WhatsApp-Image-2025-05-27-at-12.11.05-2-2048x1152.jpeg 2048w\" sizes=\"(max-width: 1024px) 100vw, 1024px\" \/>\t\t\t\t\t\t\t\t\t\t\t\t\t\t\t<\/div>\n\t\t\t\t<\/div>\n\t\t\t\t<\/div>\n\t\t<div class=\"elementor-element elementor-element-e90b5f5 e-con-full e-flex e-con e-child\" data-id=\"e90b5f5\" data-element_type=\"container\">\n\t\t\t\t<\/div>\n\t\t<div class=\"elementor-element elementor-element-10d2b1d e-con-full e-flex e-con e-child\" data-id=\"10d2b1d\" data-element_type=\"container\">\n\t\t\t\t<\/div>\n\t\t<div class=\"elementor-element elementor-element-ae8b2ea e-con-full e-flex e-con e-child\" data-id=\"ae8b2ea\" data-element_type=\"container\">\n\t\t\t\t<\/div>\n\t\t\t\t\t<\/div>\n\t\t\t\t<\/div>\n\t\t<div class=\"elementor-element elementor-element-ae8024e e-flex e-con-boxed e-con e-parent\" data-id=\"ae8024e\" data-element_type=\"container\">\n\t\t\t\t\t<div class=\"e-con-inner\">\n\t\t\t\t\t<\/div>\n\t\t\t\t<\/div>\n\t\t\t\t<\/div>\n\t\t","protected":false},"excerpt":{"rendered":"","protected":false},"author":1,"featured_media":0,"parent":0,"menu_order":0,"comment_status":"closed","ping_status":"closed","template":"","meta":{"_kad_post_transparent":"","_kad_post_title":"hide","_kad_post_layout":"fullwidth","_kad_post_sidebar_id":"","_kad_post_content_style":"unboxed","_kad_post_vertical_padding":"hide","_kad_post_feature":"hide","_kad_post_feature_position":"","_kad_post_header":false,"_kad_post_footer":false,"footnotes":""},"class_list":["post-1579","page","type-page","status-publish","hentry"],"_links":{"self":[{"href":"https:\/\/lezginogluinsaat.com\/index.php\/wp-json\/wp\/v2\/pages\/1579","targetHints":{"allow":["GET"]}}],"collection":[{"href":"https:\/\/lezginogluinsaat.com\/index.php\/wp-json\/wp\/v2\/pages"}],"about":[{"href":"https:\/\/lezginogluinsaat.com\/index.php\/wp-json\/wp\/v2\/types\/page"}],"author":[{"embeddable":true,"href":"https:\/\/lezginogluinsaat.com\/index.php\/wp-json\/wp\/v2\/users\/1"}],"replies":[{"embeddable":true,"href":"https:\/\/lezginogluinsaat.com\/index.php\/wp-json\/wp\/v2\/comments?post=1579"}],"version-history":[{"count":19,"href":"https:\/\/lezginogluinsaat.com\/index.php\/wp-json\/wp\/v2\/pages\/1579\/revisions"}],"predecessor-version":[{"id":1653,"href":"https:\/\/lezginogluinsaat.com\/index.php\/wp-json\/wp\/v2\/pages\/1579\/revisions\/1653"}],"wp:attachment":[{"href":"https:\/\/lezginogluinsaat.com\/index.php\/wp-json\/wp\/v2\/media?parent=1579"}],"curies":[{"name":"wp","href":"https:\/\/api.w.org\/{rel}","templated":true}]}}