{"id":152,"date":"2023-10-24T16:16:22","date_gmt":"2023-10-24T16:16:22","guid":{"rendered":"https:\/\/abahukukburosu.com\/?page_id=152"},"modified":"2024-07-12T21:23:07","modified_gmt":"2024-07-12T21:23:07","slug":"iletisim","status":"publish","type":"page","link":"https:\/\/lezginogluinsaat.com\/index.php\/iletisim\/","title":{"rendered":"\u0130leti\u015fim"},"content":{"rendered":"\t\t<div data-elementor-type=\"wp-page\" data-elementor-id=\"152\" class=\"elementor elementor-152\" data-elementor-post-type=\"page\">\n\t\t\t\t<div class=\"elementor-element elementor-element-a9a9fdb e-flex e-con-boxed e-con e-parent\" data-id=\"a9a9fdb\" data-element_type=\"container\" data-settings=\"{&quot;background_background&quot;:&quot;classic&quot;}\">\n\t\t\t\t\t<div class=\"e-con-inner\">\n\t\t\t\t\t<\/div>\n\t\t\t\t<\/div>\n\t\t<div class=\"elementor-element elementor-element-6d63a3f e-flex e-con-boxed e-con e-parent\" data-id=\"6d63a3f\" data-element_type=\"container\" data-settings=\"{&quot;background_background&quot;:&quot;classic&quot;}\">\n\t\t\t\t\t<div class=\"e-con-inner\">\n\t\t<div class=\"elementor-element elementor-element-dd0f1b7 e-con-full e-flex e-con e-child\" data-id=\"dd0f1b7\" data-element_type=\"container\">\n\t\t\t\t<div class=\"elementor-element elementor-element-242d5c9 elementor-position-top elementor-widget elementor-widget-image-box\" data-id=\"242d5c9\" data-element_type=\"widget\" data-widget_type=\"image-box.default\">\n\t\t\t\t<div class=\"elementor-widget-container\">\n\t\t\t\t\t<div class=\"elementor-image-box-wrapper\"><figure class=\"elementor-image-box-img\"><img fetchpriority=\"high\" decoding=\"async\" width=\"240\" height=\"240\" src=\"https:\/\/lezginogluinsaat.com\/wp-content\/uploads\/2024\/07\/google-street-view-business-location-icon.webp\" class=\"attachment-full size-full wp-image-1381\" alt=\"\" srcset=\"https:\/\/lezginogluinsaat.com\/wp-content\/uploads\/2024\/07\/google-street-view-business-location-icon.webp 240w, https:\/\/lezginogluinsaat.com\/wp-content\/uploads\/2024\/07\/google-street-view-business-location-icon-150x150.webp 150w\" sizes=\"(max-width: 240px) 100vw, 240px\" \/><\/figure><div class=\"elementor-image-box-content\"><h3 class=\"elementor-image-box-title\">\u0130leti\u015fim Bilgilerimiz<\/h3><p class=\"elementor-image-box-description\">Zafer Mah. Do\u011fan Arasl\u0131 Bulvar\u0131 no:97-99 \u00d6zyurtlar Ncadde Business \u0130\u015f Merkezi Kat 14 No:93 Esenyurt \u0130stanbul\n<br>\n<br>info@lezginogluinsaat.com<br>\nmuhasebe@lezginogluinsaat.com\n\nteknikofis@lezginogluinsaat.com\n\n<\/p><\/div><\/div>\t\t\t\t<\/div>\n\t\t\t\t<\/div>\n\t\t\t\t<\/div>\n\t\t<div class=\"elementor-element elementor-element-abf5823 e-con-full e-flex e-con e-child\" data-id=\"abf5823\" data-element_type=\"container\">\n\t\t\t\t<div class=\"elementor-element elementor-element-01e8781 elementor-widget elementor-widget-sina_contact_form\" data-id=\"01e8781\" data-element_type=\"widget\" data-widget_type=\"sina_contact_form.default\">\n\t\t\t\t<div class=\"elementor-widget-container\">\n\t\t\t\t\t\t\t<div class=\"sina-form\">\r\n\t\t\t<form class=\"sina-contact-form\"\r\n\t\t\tdata-uid=\"01e8781\"\r\n\t\t\tdata-from=\"Adres Yaz\u0131n\u0131z\"\r\n\t\t\tdata-inbox=\"\"\r\n\t\t\tdata-captcha=\"\">\r\n\t\t\t\t\t\t\t\t\t<div class=\"sina-contact-input\">\r\n\t<div class=\"sina-contact-input-half\">\r\n\t\t<input class=\"sina-input-field sina-input-block sina-input-name\" type=\"text\" placeholder=\"Ad\u0131n\u0131z *\" >\r\n\t\t<input class=\"sina-input-field sina-input-block sina-input-email\" type=\"email\" placeholder=\"Mail Adresiniz*\" >\r\n\t\t<input class=\"sina-input-field sina-input-block sina-input-subject\" type=\"text\" placeholder=\"Konu *\" >\r\n\t<\/div>\r\n\t<div class=\"sina-contact-input-half\">\r\n\t\t<textarea class=\"sina-input-field sina-input-block sina-input-message\" placeholder=\"Mesaj \u0130\u00e7eri\u011finiz *\"><\/textarea>\r\n\t<\/div>\r\n<\/div>\r\n<div class=\"sina-contact-input\">\r\n\t<!-- For Google Recaptcha -->\r\n\t\r\n\t<button type=\"submit\" class=\"sina-button sina-contact-btn  \">\r\n\t\t\t\tG\u00f6nder\t\t\t<\/button>\r\n<\/div>\t\t\t\t\r\n\t\t\t\t<p class=\"sina-success-text\">Bizimle \u0130leti\u015fime Ge\u00e7tiniz \u0130\u00e7in Te\u015fekk\u00fcr Ederiz<\/p>\t\t\t\t<p class=\"sina-error-text\"><\/p>\r\n\t\t\t\t<p class=\"sina-process-text\">Processing...<\/p>\r\n\r\n\t\t\t\t<input type=\"hidden\" id=\"sina_contact_nonce01e8781\" name=\"sina_contact_nonce01e8781\" value=\"95fedfc553\" \/><input type=\"hidden\" name=\"_wp_http_referer\" value=\"\/index.php\/wp-json\/wp\/v2\/pages\/152\" \/>\t\t\t<\/form><!-- .sina-contact-form -->\r\n\t\t<\/div><!-- .sina-form -->\r\n\t\t\t\t\t\t<\/div>\n\t\t\t\t<\/div>\n\t\t\t\t<\/div>\n\t\t\t\t\t<\/div>\n\t\t\t\t<\/div>\n\t\t<div class=\"elementor-element elementor-element-55afba0 e-flex e-con-boxed e-con e-parent\" data-id=\"55afba0\" data-element_type=\"container\">\n\t\t\t\t\t<div class=\"e-con-inner\">\n\t\t\t\t<div class=\"elementor-element elementor-element-820f967 elementor-widget elementor-widget-google_maps\" data-id=\"820f967\" data-element_type=\"widget\" data-widget_type=\"google_maps.default\">\n\t\t\t\t<div class=\"elementor-widget-container\">\n\t\t\t\t\t\t\t<div class=\"elementor-custom-embed\">\n\t\t\t<iframe loading=\"lazy\"\n\t\t\t\t\tsrc=\"https:\/\/maps.google.com\/maps?q=ozyurtlar%20ncadde%20business&#038;t=m&#038;z=10&#038;output=embed&#038;iwloc=near\"\n\t\t\t\t\ttitle=\"ozyurtlar ncadde business\"\n\t\t\t\t\taria-label=\"ozyurtlar ncadde business\"\n\t\t\t><\/iframe>\n\t\t<\/div>\n\t\t\t\t\t\t<\/div>\n\t\t\t\t<\/div>\n\t\t\t\t\t<\/div>\n\t\t\t\t<\/div>\n\t\t\t\t<\/div>\n\t\t","protected":false},"excerpt":{"rendered":"<p>\u0130leti\u015fim Bilgilerimiz Zafer Mah. Do\u011fan Arasl\u0131 Bulvar\u0131 no:97-99 \u00d6zyurtlar Ncadde Business \u0130\u015f Merkezi Kat 14 No:93 Esenyurt \u0130stanbul info@lezginogluinsaat.com muhasebe@lezginogluinsaat.com teknikofis@lezginogluinsaat.com G\u00f6nder Bizimle \u0130leti\u015fime Ge\u00e7tiniz \u0130\u00e7in Te\u015fekk\u00fcr Ederiz Processing&#8230;<\/p>\n","protected":false},"author":1,"featured_media":0,"parent":0,"menu_order":0,"comment_status":"closed","ping_status":"closed","template":"","meta":{"_kad_post_transparent":"default","_kad_post_title":"hide","_kad_post_layout":"fullwidth","_kad_post_sidebar_id":"","_kad_post_content_style":"unboxed","_kad_post_vertical_padding":"hide","_kad_post_feature":"hide","_kad_post_feature_position":"","_kad_post_header":false,"_kad_post_footer":false,"footnotes":""},"class_list":["post-152","page","type-page","status-publish","hentry"],"_links":{"self":[{"href":"https:\/\/lezginogluinsaat.com\/index.php\/wp-json\/wp\/v2\/pages\/152","targetHints":{"allow":["GET"]}}],"collection":[{"href":"https:\/\/lezginogluinsaat.com\/index.php\/wp-json\/wp\/v2\/pages"}],"about":[{"href":"https:\/\/lezginogluinsaat.com\/index.php\/wp-json\/wp\/v2\/types\/page"}],"author":[{"embeddable":true,"href":"https:\/\/lezginogluinsaat.com\/index.php\/wp-json\/wp\/v2\/users\/1"}],"replies":[{"embeddable":true,"href":"https:\/\/lezginogluinsaat.com\/index.php\/wp-json\/wp\/v2\/comments?post=152"}],"version-history":[{"count":120,"href":"https:\/\/lezginogluinsaat.com\/index.php\/wp-json\/wp\/v2\/pages\/152\/revisions"}],"predecessor-version":[{"id":1418,"href":"https:\/\/lezginogluinsaat.com\/index.php\/wp-json\/wp\/v2\/pages\/152\/revisions\/1418"}],"wp:attachment":[{"href":"https:\/\/lezginogluinsaat.com\/index.php\/wp-json\/wp\/v2\/media?parent=152"}],"curies":[{"name":"wp","href":"https:\/\/api.w.org\/{rel}","templated":true}]}}