{"id":1250,"date":"2024-07-02T09:37:25","date_gmt":"2024-07-02T09:37:25","guid":{"rendered":"https:\/\/lezginogluinsaat.com\/?page_id=1250"},"modified":"2024-07-02T17:02:28","modified_gmt":"2024-07-02T17:02:28","slug":"referanslarimiz","status":"publish","type":"page","link":"https:\/\/lezginogluinsaat.com\/index.php\/referanslarimiz\/","title":{"rendered":"REFERANSLARIMIZ"},"content":{"rendered":"\t\t<div data-elementor-type=\"wp-page\" data-elementor-id=\"1250\" class=\"elementor elementor-1250\" data-elementor-post-type=\"page\">\n\t\t\t\t<div class=\"elementor-element elementor-element-334ec805 e-con-full e-flex e-con e-parent\" data-id=\"334ec805\" data-element_type=\"container\" data-settings=\"{&quot;background_background&quot;:&quot;slideshow&quot;,&quot;background_slideshow_ken_burns&quot;:&quot;yes&quot;,&quot;background_slideshow_slide_duration&quot;:8000,&quot;background_slideshow_gallery&quot;:[],&quot;background_slideshow_loop&quot;:&quot;yes&quot;,&quot;background_slideshow_slide_transition&quot;:&quot;fade&quot;,&quot;background_slideshow_transition_duration&quot;:500,&quot;background_slideshow_ken_burns_zoom_direction&quot;:&quot;in&quot;}\">\n\t\t\t\t<div class=\"elementor-element elementor-element-49f9010e elementor-widget elementor-widget-sina_banner_slider\" data-id=\"49f9010e\" data-element_type=\"widget\" data-widget_type=\"sina_banner_slider.default\">\n\t\t\t\t<div class=\"elementor-widget-container\">\n\t\t\t\t\t\t\t<div class=\"sina-banner-slider owl-carousel\"\r\n\t\tdata-autoplay=\"yes\"\r\n\t\tdata-pause=\"yes\"\r\n\t\tdata-nav=\"yes\"\r\n\t\tdata-dots=\"yes\"\r\n\t\tdata-mouse-drag=\"yes\"\r\n\t\tdata-touch-drag=\"yes\"\r\n\t\tdata-loop=\"yes\"\r\n\t\tdata-speed=\"\"\r\n\t\tdata-part-anim=\"yes\"\r\n\t\tdata-delay=\"5000\">\r\n\r\n\t\t\t\t\t\t\t<div class=\"sina-slider-content sina-bg-cover\" style=\"background-image: url();\">\r\n\t\t\t\t\t\t\t\t\t\t\t<div class=\"sina-overlay\"><\/div>\r\n\t\t\t\t\t\r\n\t\t\t\t\t<div class=\"sina-banner-container elementor-repeater-item-e75cf09\">\r\n\r\n\t\t\t\t\t\t\r\n\t\t\t\t\t\t\r\n\t\t\t\t\t\t\t\t\t\t\t\t\t<div class=\"sina-banner-desc sina-anim-invisible\" data-animation=\"animated fadeInUp\">\n\n<\/div>\t\t\t\t\t\t\r\n\t\t\t\t\t\t\t\t\t\t\t<\/div>\r\n\t\t\t\t<\/div>\r\n\t\t\t\t\t<\/div><!-- .sina-banner-slider -->\r\n\t\t\t\t\t\t<\/div>\n\t\t\t\t<\/div>\n\t\t\t\t<\/div>\n\t\t<div class=\"elementor-element elementor-element-1c963663 e-flex e-con-boxed e-con e-parent\" data-id=\"1c963663\" data-element_type=\"container\" data-settings=\"{&quot;background_background&quot;:&quot;gradient&quot;}\">\n\t\t\t\t\t<div class=\"e-con-inner\">\n\t\t\t\t<div class=\"elementor-element elementor-element-11292177 elementor-widget elementor-widget-spacer\" data-id=\"11292177\" data-element_type=\"widget\" data-widget_type=\"spacer.default\">\n\t\t\t\t<div class=\"elementor-widget-container\">\n\t\t\t\t\t\t\t<div class=\"elementor-spacer\">\n\t\t\t<div class=\"elementor-spacer-inner\"><\/div>\n\t\t<\/div>\n\t\t\t\t\t\t<\/div>\n\t\t\t\t<\/div>\n\t\t\t\t<div class=\"elementor-element elementor-element-13511a75 elementor-widget elementor-widget-heading\" data-id=\"13511a75\" data-element_type=\"widget\" data-widget_type=\"heading.default\">\n\t\t\t\t<div class=\"elementor-widget-container\">\n\t\t\t\t\t<h2 class=\"elementor-heading-title elementor-size-default\">LEZG\u0130NO\u011eLU \u0130N\u015eAAT REFERANSLARIMIZ<\/h2>\t\t\t\t<\/div>\n\t\t\t\t<\/div>\n\t\t\t\t<div class=\"elementor-element elementor-element-3156d886 elementor-arrows-position-inside elementor-pagination-position-outside elementor-widget elementor-widget-image-carousel\" data-id=\"3156d886\" data-element_type=\"widget\" data-settings=\"{&quot;image_spacing_custom&quot;:{&quot;unit&quot;:&quot;px&quot;,&quot;size&quot;:5,&quot;sizes&quot;:[]},&quot;navigation&quot;:&quot;both&quot;,&quot;autoplay&quot;:&quot;yes&quot;,&quot;pause_on_hover&quot;:&quot;yes&quot;,&quot;pause_on_interaction&quot;:&quot;yes&quot;,&quot;autoplay_speed&quot;:5000,&quot;infinite&quot;:&quot;yes&quot;,&quot;speed&quot;:500,&quot;image_spacing_custom_tablet&quot;:{&quot;unit&quot;:&quot;px&quot;,&quot;size&quot;:&quot;&quot;,&quot;sizes&quot;:[]},&quot;image_spacing_custom_mobile&quot;:{&quot;unit&quot;:&quot;px&quot;,&quot;size&quot;:&quot;&quot;,&quot;sizes&quot;:[]}}\" data-widget_type=\"image-carousel.default\">\n\t\t\t\t<div class=\"elementor-widget-container\">\n\t\t\t\t\t\t\t<div class=\"elementor-image-carousel-wrapper swiper\" role=\"region\" aria-roledescription=\"carousel\" aria-label=\"Resim D\u00f6ng\u00fcs\u00fc\" dir=\"ltr\">\n\t\t\t<div class=\"elementor-image-carousel swiper-wrapper\" aria-live=\"off\">\n\t\t\t\t\t\t\t\t<div class=\"swiper-slide\" role=\"group\" aria-roledescription=\"slide\" aria-label=\"1 \/ 10\"><figure class=\"swiper-slide-inner\"><img decoding=\"async\" class=\"swiper-slide-image\" src=\"https:\/\/lezginogluinsaat.com\/wp-content\/uploads\/elementor\/thumbs\/ANKARA-ALTINDAG-BELEDIYE-BINASI2-r74tuq2qsypnnm3w79a0cadw8xukucf1plse6s61ik.jpg\" alt=\"ANKARA ALTINDA\u011e  BELED\u0130YE B\u0130NASI VE OTOPARK PROJES\u0130\" \/><figcaption class=\"elementor-image-carousel-caption\">ANKARA ALTINDA\u011e  BELED\u0130YE B\u0130NASI VE OTOPARK PROJES\u0130<\/figcaption><\/figure><\/div><div class=\"swiper-slide\" role=\"group\" aria-roledescription=\"slide\" aria-label=\"2 \/ 10\"><figure class=\"swiper-slide-inner\"><img decoding=\"async\" class=\"swiper-slide-image\" src=\"https:\/\/lezginogluinsaat.com\/wp-content\/uploads\/elementor\/thumbs\/CEKMEKOY-1-r74tuq2qsypnnm3w79a0cadw8xukucf1plse6s61ik.jpg\" alt=\"EMLAK KONUT \u00c7INARK\u00d6Y EVLER\u0130 \u00c7EKMEK\u00d6Y KONUT PROJES\u0130\" \/><figcaption class=\"elementor-image-carousel-caption\">EMLAK KONUT \u00c7INARK\u00d6Y EVLER\u0130 \u00c7EKMEK\u00d6Y KONUT PROJES\u0130<\/figcaption><\/figure><\/div><div class=\"swiper-slide\" role=\"group\" aria-roledescription=\"slide\" aria-label=\"3 \/ 10\"><figure class=\"swiper-slide-inner\"><img decoding=\"async\" class=\"swiper-slide-image\" src=\"https:\/\/lezginogluinsaat.com\/wp-content\/uploads\/elementor\/thumbs\/ANKARA-ALTINDAG-BELEDIYE-BINASI-r74tuq2qsypnnm3w79a0cadw8xukucf1plse6s61ik.jpg\" alt=\"ANKARA ALTINDA\u011e  BELED\u0130YE B\u0130NASI VE OTOPARK PROJES\u0130\" \/><figcaption class=\"elementor-image-carousel-caption\">ANKARA ALTINDA\u011e  BELED\u0130YE B\u0130NASI VE OTOPARK PROJES\u0130<\/figcaption><\/figure><\/div><div class=\"swiper-slide\" role=\"group\" aria-roledescription=\"slide\" aria-label=\"4 \/ 10\"><figure class=\"swiper-slide-inner\"><img decoding=\"async\" class=\"swiper-slide-image\" src=\"https:\/\/lezginogluinsaat.com\/wp-content\/uploads\/elementor\/thumbs\/CEKMEKOY2-r74tuq2qsypnnm3w79a0cadw8xukucf1plse6s61ik.jpg\" alt=\"EMLAK KONUT \u00c7INARK\u00d6Y EVLER\u0130 \u00c7EKMEK\u00d6Y KONUT PROJES\u0130\" \/><figcaption class=\"elementor-image-carousel-caption\">EMLAK KONUT \u00c7INARK\u00d6Y EVLER\u0130 \u00c7EKMEK\u00d6Y KONUT PROJES\u0130<\/figcaption><\/figure><\/div><div class=\"swiper-slide\" role=\"group\" aria-roledescription=\"slide\" aria-label=\"5 \/ 10\"><figure class=\"swiper-slide-inner\"><img decoding=\"async\" class=\"swiper-slide-image\" src=\"https:\/\/lezginogluinsaat.com\/wp-content\/uploads\/elementor\/thumbs\/EMLAK-KONUT-MIMAR-SINAN-EVLERI-r74tuq2qsypnnm3w79a0cadw8xukucf1plse6s61ik.jpg\" alt=\"EMLAK KONUT PROJES\u0130 M\u0130MAR S\u0130NAN EVLER\u0130 SULTANBEYL\u0130\" \/><figcaption class=\"elementor-image-carousel-caption\">EMLAK KONUT PROJES\u0130 M\u0130MAR S\u0130NAN EVLER\u0130 SULTANBEYL\u0130<\/figcaption><\/figure><\/div><div class=\"swiper-slide\" role=\"group\" aria-roledescription=\"slide\" aria-label=\"6 \/ 10\"><figure class=\"swiper-slide-inner\"><img decoding=\"async\" class=\"swiper-slide-image\" src=\"https:\/\/lezginogluinsaat.com\/wp-content\/uploads\/elementor\/thumbs\/EMLAK-KONUT-MIMAR-SINAN-EVLERI2-r74tuq2qsypnnm3w79a0cadw8xukucf1plse6s61ik.jpg\" alt=\"EMLAK KONUT PROJES\u0130 M\u0130MAR S\u0130NAN EVLER\u0130 SULTANBEYL\u0130\" \/><figcaption class=\"elementor-image-carousel-caption\">EMLAK KONUT PROJES\u0130 M\u0130MAR S\u0130NAN EVLER\u0130 SULTANBEYL\u0130<\/figcaption><\/figure><\/div><div class=\"swiper-slide\" role=\"group\" aria-roledescription=\"slide\" aria-label=\"7 \/ 10\"><figure class=\"swiper-slide-inner\"><img decoding=\"async\" class=\"swiper-slide-image\" src=\"https:\/\/lezginogluinsaat.com\/wp-content\/uploads\/elementor\/thumbs\/RENGI-ANTALYA-OTEL2-r74tuq2qsypnnm3w79a0cadw8xukucf1plse6s61ik.jpg\" alt=\"KARAARSLANO\u011eLU \u0130N\u015eAAT RENG\u0130 ANTALYA PREM\u0130UM PROJES\u0130\" \/><figcaption class=\"elementor-image-carousel-caption\"> KARAARSLANO\u011eLU \u0130N\u015eAAT RENG\u0130 ANTALYA PREM\u0130UM PROJES\u0130<\/figcaption><\/figure><\/div><div class=\"swiper-slide\" role=\"group\" aria-roledescription=\"slide\" aria-label=\"8 \/ 10\"><figure class=\"swiper-slide-inner\"><img decoding=\"async\" class=\"swiper-slide-image\" src=\"https:\/\/lezginogluinsaat.com\/wp-content\/uploads\/elementor\/thumbs\/MALTEPE-IETT-BLOKLARI2-r74tuq2qsypnnm3w79a0cadw8xukucf1plse6s61ik.jpg\" alt=\"\u0130STANBUL MALTEPE \u0130ETT BLOKLARI KENTSEL D\u00d6N\u00dc\u015e\u00dcM PROJES\u0130\" \/><figcaption class=\"elementor-image-carousel-caption\">\u0130STANBUL MALTEPE \u0130ETT BLOKLARI KENTSEL D\u00d6N\u00dc\u015e\u00dcM PROJES\u0130<\/figcaption><\/figure><\/div><div class=\"swiper-slide\" role=\"group\" aria-roledescription=\"slide\" aria-label=\"9 \/ 10\"><figure class=\"swiper-slide-inner\"><img decoding=\"async\" class=\"swiper-slide-image\" src=\"https:\/\/lezginogluinsaat.com\/wp-content\/uploads\/elementor\/thumbs\/antalya.fw_-r74tuq2qsypnnm3w79a0cadw8xukucf1plse6s61ik.png\" alt=\"KARAARSLANO\u011eLU \u0130N\u015eAAT RENG\u0130 ANTALYA PREM\u0130UM PROJES\u0130\" \/><figcaption class=\"elementor-image-carousel-caption\"> KARAARSLANO\u011eLU \u0130N\u015eAAT RENG\u0130 ANTALYA PREM\u0130UM PROJES\u0130<\/figcaption><\/figure><\/div><div class=\"swiper-slide\" role=\"group\" aria-roledescription=\"slide\" aria-label=\"10 \/ 10\"><figure class=\"swiper-slide-inner\"><img decoding=\"async\" class=\"swiper-slide-image\" src=\"https:\/\/lezginogluinsaat.com\/wp-content\/uploads\/elementor\/thumbs\/MALTEPE-IETT-BLOKLARI.fw_-r74tuq2qsypnnm3w79a0cadw8xukucf1plse6s61ik.png\" alt=\"\u0130STANBUL MALTEPE \u0130ETT BLOKLARI KENTSEL D\u00d6N\u00dc\u015e\u00dcM PROJES\u0130\" \/><figcaption class=\"elementor-image-carousel-caption\">\u0130STANBUL MALTEPE \u0130ETT BLOKLARI KENTSEL D\u00d6N\u00dc\u015e\u00dcM PROJES\u0130<\/figcaption><\/figure><\/div>\t\t\t<\/div>\n\t\t\t\t\t\t\t\t\t\t\t\t<div class=\"elementor-swiper-button elementor-swiper-button-prev\" role=\"button\" tabindex=\"0\">\n\t\t\t\t\t\t<i aria-hidden=\"true\" class=\"eicon-chevron-left\"><\/i>\t\t\t\t\t<\/div>\n\t\t\t\t\t<div class=\"elementor-swiper-button elementor-swiper-button-next\" role=\"button\" tabindex=\"0\">\n\t\t\t\t\t\t<i aria-hidden=\"true\" class=\"eicon-chevron-right\"><\/i>\t\t\t\t\t<\/div>\n\t\t\t\t\n\t\t\t\t\t\t\t\t\t<div class=\"swiper-pagination\"><\/div>\n\t\t\t\t\t\t\t\t\t<\/div>\n\t\t\t\t\t\t<\/div>\n\t\t\t\t<\/div>\n\t\t\t\t\t<\/div>\n\t\t\t\t<\/div>\n\t\t\t\t<\/div>\n\t\t","protected":false},"excerpt":{"rendered":"<p>LEZG\u0130NO\u011eLU \u0130N\u015eAAT REFERANSLARIMIZ ANKARA ALTINDA\u011e BELED\u0130YE B\u0130NASI VE OTOPARK PROJES\u0130 EMLAK KONUT \u00c7INARK\u00d6Y EVLER\u0130 \u00c7EKMEK\u00d6Y KONUT PROJES\u0130 ANKARA ALTINDA\u011e BELED\u0130YE B\u0130NASI VE OTOPARK PROJES\u0130 EMLAK KONUT \u00c7INARK\u00d6Y EVLER\u0130 \u00c7EKMEK\u00d6Y KONUT PROJES\u0130 EMLAK KONUT PROJES\u0130 M\u0130MAR S\u0130NAN EVLER\u0130 SULTANBEYL\u0130 EMLAK KONUT PROJES\u0130 M\u0130MAR S\u0130NAN EVLER\u0130 SULTANBEYL\u0130 KARAARSLANO\u011eLU \u0130N\u015eAAT RENG\u0130 ANTALYA PREM\u0130UM PROJES\u0130 \u0130STANBUL MALTEPE \u0130ETT BLOKLARI&#8230;<\/p>\n","protected":false},"author":1,"featured_media":0,"parent":0,"menu_order":0,"comment_status":"closed","ping_status":"closed","template":"","meta":{"_kad_post_transparent":"default","_kad_post_title":"hide","_kad_post_layout":"fullwidth","_kad_post_sidebar_id":"","_kad_post_content_style":"unboxed","_kad_post_vertical_padding":"hide","_kad_post_feature":"hide","_kad_post_feature_position":"","_kad_post_header":false,"_kad_post_footer":false,"footnotes":""},"class_list":["post-1250","page","type-page","status-publish","hentry"],"_links":{"self":[{"href":"https:\/\/lezginogluinsaat.com\/index.php\/wp-json\/wp\/v2\/pages\/1250","targetHints":{"allow":["GET"]}}],"collection":[{"href":"https:\/\/lezginogluinsaat.com\/index.php\/wp-json\/wp\/v2\/pages"}],"about":[{"href":"https:\/\/lezginogluinsaat.com\/index.php\/wp-json\/wp\/v2\/types\/page"}],"author":[{"embeddable":true,"href":"https:\/\/lezginogluinsaat.com\/index.php\/wp-json\/wp\/v2\/users\/1"}],"replies":[{"embeddable":true,"href":"https:\/\/lezginogluinsaat.com\/index.php\/wp-json\/wp\/v2\/comments?post=1250"}],"version-history":[{"count":25,"href":"https:\/\/lezginogluinsaat.com\/index.php\/wp-json\/wp\/v2\/pages\/1250\/revisions"}],"predecessor-version":[{"id":1348,"href":"https:\/\/lezginogluinsaat.com\/index.php\/wp-json\/wp\/v2\/pages\/1250\/revisions\/1348"}],"wp:attachment":[{"href":"https:\/\/lezginogluinsaat.com\/index.php\/wp-json\/wp\/v2\/media?parent=1250"}],"curies":[{"name":"wp","href":"https:\/\/api.w.org\/{rel}","templated":true}]}}