{"id":1198,"date":"2024-07-02T09:05:54","date_gmt":"2024-07-02T09:05:54","guid":{"rendered":"https:\/\/lezginogluinsaat.com\/?page_id=1198"},"modified":"2025-06-11T04:20:32","modified_gmt":"2025-06-11T04:20:32","slug":"istanbul-maltepe-iett-bloklari-kentsel-donusum","status":"publish","type":"page","link":"https:\/\/lezginogluinsaat.com\/index.php\/istanbul-maltepe-iett-bloklari-kentsel-donusum\/","title":{"rendered":"\u0130STANBUL MALTEPE \u0130ETT BLOKLARI KENTSEL D\u00d6N\u00dc\u015e\u00dcM"},"content":{"rendered":"\t\t<div data-elementor-type=\"wp-page\" data-elementor-id=\"1198\" class=\"elementor elementor-1198\" data-elementor-post-type=\"page\">\n\t\t\t\t<div class=\"elementor-element elementor-element-637d3cf7 e-con-full e-flex e-con e-parent\" data-id=\"637d3cf7\" data-element_type=\"container\" data-settings=\"{&quot;background_background&quot;:&quot;classic&quot;}\">\n\t\t\t\t<\/div>\n\t\t<div class=\"elementor-element elementor-element-32f0293a elementor-hidden-desktop elementor-hidden-tablet e-flex e-con-boxed e-con e-parent\" data-id=\"32f0293a\" data-element_type=\"container\" data-settings=\"{&quot;background_background&quot;:&quot;slideshow&quot;,&quot;background_slideshow_gallery&quot;:[{&quot;id&quot;:980,&quot;url&quot;:&quot;https:\\\/\\\/lezginogluinsaat.com\\\/wp-content\\\/uploads\\\/2024\\\/06\\\/1080.jpg&quot;},{&quot;id&quot;:981,&quot;url&quot;:&quot;https:\\\/\\\/lezginogluinsaat.com\\\/wp-content\\\/uploads\\\/2024\\\/06\\\/2.1080.fw_.png&quot;}],&quot;background_slideshow_ken_burns&quot;:&quot;yes&quot;,&quot;background_slideshow_slide_duration&quot;:8000,&quot;background_slideshow_loop&quot;:&quot;yes&quot;,&quot;background_slideshow_slide_transition&quot;:&quot;fade&quot;,&quot;background_slideshow_transition_duration&quot;:500,&quot;background_slideshow_ken_burns_zoom_direction&quot;:&quot;in&quot;}\">\n\t\t\t\t\t<div class=\"e-con-inner\">\n\t\t\t\t<div class=\"elementor-element elementor-element-4f93c955 elementor-widget elementor-widget-sina_banner_slider\" data-id=\"4f93c955\" data-element_type=\"widget\" data-widget_type=\"sina_banner_slider.default\">\n\t\t\t\t<div class=\"elementor-widget-container\">\n\t\t\t\t\t\t\t<div class=\"sina-banner-slider owl-carousel\"\r\n\t\tdata-autoplay=\"yes\"\r\n\t\tdata-pause=\"yes\"\r\n\t\tdata-nav=\"yes\"\r\n\t\tdata-dots=\"yes\"\r\n\t\tdata-mouse-drag=\"yes\"\r\n\t\tdata-touch-drag=\"yes\"\r\n\t\tdata-loop=\"yes\"\r\n\t\tdata-speed=\"\"\r\n\t\tdata-part-anim=\"yes\"\r\n\t\tdata-delay=\"5000\">\r\n\r\n\t\t\t\t\t\t\t<div class=\"sina-slider-content sina-bg-cover\" style=\"background-image: url();\">\r\n\t\t\t\t\t\t\t\t\t\t\t<div class=\"sina-overlay\"><\/div>\r\n\t\t\t\t\t\r\n\t\t\t\t\t<div class=\"sina-banner-container elementor-repeater-item-e75cf09\">\r\n\r\n\t\t\t\t\t\t\r\n\t\t\t\t\t\t\t\t\t\t\t\t\t<h2 class=\"sina-banner-subtitle sina-anim-invisible\" data-animation=\"animated fadeInLeft\">Do\u011fayla Bulu\u015fan Modern Ya\u015fam<\/h2>\t\t\t\t\t\t\r\n\t\t\t\t\t\t\t\t\t\t\t\t\t<div class=\"sina-banner-desc sina-anim-invisible\" data-animation=\"animated fadeInUp\">\n\n<\/div>\t\t\t\t\t\t\r\n\t\t\t\t\t\t\t\t\t\t\t\t\t<div class=\"sina-banner-btns sina-anim-invisible\" data-animation=\"animated fadeInUp\">\r\n\t\t\t\t\t\t\t\t\t\t\t\t\t\t\t\t\t<a class=\"sina-banner-pbtn   \"\r\n\t\t\t\t\t\t\t\t\t\t\t\t\t\t\t\t\t\thref=\"https:\/\/lezginogluinsaat.com\/index.php\/ramodern-proje\/\"\r\n\t\t\t\t\t\t\t\t\t\t\t\t\t\t\t\t\t\t>\r\n\t\t\t\t\t\t\t\t\t\t\t\tDETAYLAR\t\t\t\t\t\t\t\t\t\t\t<\/a>\r\n\t\t\t\t\t\t\t\t\r\n\t\t\t\t\t\t\t\t\t\t\t\t\t\t\t<\/div>\r\n\t\t\t\t\t\t\t\t\t\t\t<\/div>\r\n\t\t\t\t<\/div>\r\n\t\t\t\t\t\t\t<div class=\"sina-slider-content sina-bg-cover\" style=\"background-image: url();\">\r\n\t\t\t\t\t\t\t\t\t\t\t<div class=\"sina-overlay\"><\/div>\r\n\t\t\t\t\t\r\n\t\t\t\t\t<div class=\"sina-banner-container elementor-repeater-item-010d095\">\r\n\r\n\t\t\t\t\t\t\r\n\t\t\t\t\t\t\t\t\t\t\t\t\t<h6 class=\"sina-banner-subtitle sina-anim-invisible\" data-animation=\"animated fadeInRight\">\u015eehrin Kalbinde Estetik ve Konfor<\/h6>\t\t\t\t\t\t\r\n\t\t\t\t\t\t\t\t\t\t\t\t\t<div class=\"sina-banner-desc sina-anim-invisible\" data-animation=\"animated fadeInUp\">\n<\/div>\t\t\t\t\t\t\r\n\t\t\t\t\t\t\t\t\t\t\t\t\t<div class=\"sina-banner-btns sina-anim-invisible\" data-animation=\"animated fadeInUp\">\r\n\t\t\t\t\t\t\t\t\t\t\t\t\t\t\t\t\t<a class=\"sina-banner-pbtn   \"\r\n\t\t\t\t\t\t\t\t\t\t\t\t\t\t\t\t\t\thref=\"https:\/\/lezginogluinsaat.com\/index.php\/ramodern-proje\/\"\r\n\t\t\t\t\t\t\t\t\t\t\t\t\t\t\t\t\t\t>\r\n\t\t\t\t\t\t\t\t\t\t\t\tDETAYLAR\t\t\t\t\t\t\t\t\t\t\t<\/a>\r\n\t\t\t\t\t\t\t\t\r\n\t\t\t\t\t\t\t\t\t\t\t\t\t\t\t<\/div>\r\n\t\t\t\t\t\t\t\t\t\t\t<\/div>\r\n\t\t\t\t<\/div>\r\n\t\t\t\t\t<\/div><!-- .sina-banner-slider -->\r\n\t\t\t\t\t\t<\/div>\n\t\t\t\t<\/div>\n\t\t\t\t\t<\/div>\n\t\t\t\t<\/div>\n\t\t<div class=\"elementor-element elementor-element-e891e14 e-grid e-con-boxed e-con e-parent\" data-id=\"e891e14\" data-element_type=\"container\">\n\t\t\t\t\t<div class=\"e-con-inner\">\n\t\t\t\t<div class=\"elementor-element elementor-element-85eeb2b elementor-widget elementor-widget-image\" data-id=\"85eeb2b\" data-element_type=\"widget\" data-widget_type=\"image.default\">\n\t\t\t\t<div class=\"elementor-widget-container\">\n\t\t\t\t\t\t\t\t\t\t\t\t\t\t\t<img fetchpriority=\"high\" decoding=\"async\" width=\"1024\" height=\"576\" src=\"https:\/\/lezginogluinsaat.com\/wp-content\/uploads\/2025\/06\/WhatsApp-Image-2024-06-10-at-14.52.23-1024x576.jpeg\" class=\"attachment-large size-large wp-image-1464\" alt=\"\" srcset=\"https:\/\/lezginogluinsaat.com\/wp-content\/uploads\/2025\/06\/WhatsApp-Image-2024-06-10-at-14.52.23-1024x576.jpeg 1024w, https:\/\/lezginogluinsaat.com\/wp-content\/uploads\/2025\/06\/WhatsApp-Image-2024-06-10-at-14.52.23-300x169.jpeg 300w, https:\/\/lezginogluinsaat.com\/wp-content\/uploads\/2025\/06\/WhatsApp-Image-2024-06-10-at-14.52.23-768x432.jpeg 768w, https:\/\/lezginogluinsaat.com\/wp-content\/uploads\/2025\/06\/WhatsApp-Image-2024-06-10-at-14.52.23-1536x864.jpeg 1536w, https:\/\/lezginogluinsaat.com\/wp-content\/uploads\/2025\/06\/WhatsApp-Image-2024-06-10-at-14.52.23.jpeg 1600w\" sizes=\"(max-width: 1024px) 100vw, 1024px\" \/>\t\t\t\t\t\t\t\t\t\t\t\t\t\t\t<\/div>\n\t\t\t\t<\/div>\n\t\t\t\t<div class=\"elementor-element elementor-element-aad9df1 elementor-widget elementor-widget-image\" data-id=\"aad9df1\" data-element_type=\"widget\" data-widget_type=\"image.default\">\n\t\t\t\t<div class=\"elementor-widget-container\">\n\t\t\t\t\t\t\t\t\t\t\t\t\t\t\t<img decoding=\"async\" width=\"1024\" height=\"576\" src=\"https:\/\/lezginogluinsaat.com\/wp-content\/uploads\/2025\/06\/WhatsApp-Image-2024-06-03-at-16.03.10-1024x576.jpeg\" class=\"attachment-large size-large wp-image-1462\" alt=\"\" srcset=\"https:\/\/lezginogluinsaat.com\/wp-content\/uploads\/2025\/06\/WhatsApp-Image-2024-06-03-at-16.03.10-1024x576.jpeg 1024w, https:\/\/lezginogluinsaat.com\/wp-content\/uploads\/2025\/06\/WhatsApp-Image-2024-06-03-at-16.03.10-300x169.jpeg 300w, https:\/\/lezginogluinsaat.com\/wp-content\/uploads\/2025\/06\/WhatsApp-Image-2024-06-03-at-16.03.10-768x432.jpeg 768w, https:\/\/lezginogluinsaat.com\/wp-content\/uploads\/2025\/06\/WhatsApp-Image-2024-06-03-at-16.03.10-1536x864.jpeg 1536w, https:\/\/lezginogluinsaat.com\/wp-content\/uploads\/2025\/06\/WhatsApp-Image-2024-06-03-at-16.03.10-2048x1152.jpeg 2048w\" sizes=\"(max-width: 1024px) 100vw, 1024px\" \/>\t\t\t\t\t\t\t\t\t\t\t\t\t\t\t<\/div>\n\t\t\t\t<\/div>\n\t\t\t\t<div class=\"elementor-element elementor-element-9b01016 elementor-widget elementor-widget-image\" data-id=\"9b01016\" data-element_type=\"widget\" data-widget_type=\"image.default\">\n\t\t\t\t<div class=\"elementor-widget-container\">\n\t\t\t\t\t\t\t\t\t\t\t\t\t\t\t<img decoding=\"async\" width=\"1024\" height=\"602\" src=\"https:\/\/lezginogluinsaat.com\/wp-content\/uploads\/2025\/06\/WhatsApp-Image-2024-06-03-at-16.03.09-1024x602.jpeg\" class=\"attachment-large size-large wp-image-1461\" alt=\"\" srcset=\"https:\/\/lezginogluinsaat.com\/wp-content\/uploads\/2025\/06\/WhatsApp-Image-2024-06-03-at-16.03.09-1024x602.jpeg 1024w, https:\/\/lezginogluinsaat.com\/wp-content\/uploads\/2025\/06\/WhatsApp-Image-2024-06-03-at-16.03.09-300x176.jpeg 300w, https:\/\/lezginogluinsaat.com\/wp-content\/uploads\/2025\/06\/WhatsApp-Image-2024-06-03-at-16.03.09-768x451.jpeg 768w, https:\/\/lezginogluinsaat.com\/wp-content\/uploads\/2025\/06\/WhatsApp-Image-2024-06-03-at-16.03.09-1536x902.jpeg 1536w, https:\/\/lezginogluinsaat.com\/wp-content\/uploads\/2025\/06\/WhatsApp-Image-2024-06-03-at-16.03.09.jpeg 1600w\" sizes=\"(max-width: 1024px) 100vw, 1024px\" \/>\t\t\t\t\t\t\t\t\t\t\t\t\t\t\t<\/div>\n\t\t\t\t<\/div>\n\t\t\t\t<div class=\"elementor-element elementor-element-bb358be elementor-widget elementor-widget-image\" data-id=\"bb358be\" data-element_type=\"widget\" data-widget_type=\"image.default\">\n\t\t\t\t<div class=\"elementor-widget-container\">\n\t\t\t\t\t\t\t\t\t\t\t\t\t\t\t<img loading=\"lazy\" decoding=\"async\" width=\"1024\" height=\"576\" src=\"https:\/\/lezginogluinsaat.com\/wp-content\/uploads\/2025\/06\/WhatsApp-Image-2024-06-03-at-16.03.09-3-1024x576.jpeg\" class=\"attachment-large size-large wp-image-1460\" alt=\"\" srcset=\"https:\/\/lezginogluinsaat.com\/wp-content\/uploads\/2025\/06\/WhatsApp-Image-2024-06-03-at-16.03.09-3-1024x576.jpeg 1024w, https:\/\/lezginogluinsaat.com\/wp-content\/uploads\/2025\/06\/WhatsApp-Image-2024-06-03-at-16.03.09-3-300x169.jpeg 300w, https:\/\/lezginogluinsaat.com\/wp-content\/uploads\/2025\/06\/WhatsApp-Image-2024-06-03-at-16.03.09-3-768x432.jpeg 768w, https:\/\/lezginogluinsaat.com\/wp-content\/uploads\/2025\/06\/WhatsApp-Image-2024-06-03-at-16.03.09-3-1536x864.jpeg 1536w, https:\/\/lezginogluinsaat.com\/wp-content\/uploads\/2025\/06\/WhatsApp-Image-2024-06-03-at-16.03.09-3-2048x1152.jpeg 2048w\" sizes=\"(max-width: 1024px) 100vw, 1024px\" \/>\t\t\t\t\t\t\t\t\t\t\t\t\t\t\t<\/div>\n\t\t\t\t<\/div>\n\t\t\t\t<div class=\"elementor-element elementor-element-5efe7ee elementor-widget elementor-widget-image\" data-id=\"5efe7ee\" data-element_type=\"widget\" data-widget_type=\"image.default\">\n\t\t\t\t<div class=\"elementor-widget-container\">\n\t\t\t\t\t\t\t\t\t\t\t\t\t\t\t<img loading=\"lazy\" decoding=\"async\" width=\"1024\" height=\"576\" src=\"https:\/\/lezginogluinsaat.com\/wp-content\/uploads\/2025\/06\/WhatsApp-Image-2024-06-03-at-16.03.09-1-1024x576.jpeg\" class=\"attachment-large size-large wp-image-1458\" alt=\"\" srcset=\"https:\/\/lezginogluinsaat.com\/wp-content\/uploads\/2025\/06\/WhatsApp-Image-2024-06-03-at-16.03.09-1-1024x576.jpeg 1024w, https:\/\/lezginogluinsaat.com\/wp-content\/uploads\/2025\/06\/WhatsApp-Image-2024-06-03-at-16.03.09-1-300x169.jpeg 300w, https:\/\/lezginogluinsaat.com\/wp-content\/uploads\/2025\/06\/WhatsApp-Image-2024-06-03-at-16.03.09-1-768x432.jpeg 768w, https:\/\/lezginogluinsaat.com\/wp-content\/uploads\/2025\/06\/WhatsApp-Image-2024-06-03-at-16.03.09-1-1536x864.jpeg 1536w, https:\/\/lezginogluinsaat.com\/wp-content\/uploads\/2025\/06\/WhatsApp-Image-2024-06-03-at-16.03.09-1-2048x1152.jpeg 2048w\" sizes=\"(max-width: 1024px) 100vw, 1024px\" \/>\t\t\t\t\t\t\t\t\t\t\t\t\t\t\t<\/div>\n\t\t\t\t<\/div>\n\t\t\t\t<div class=\"elementor-element elementor-element-e27cc05 elementor-widget elementor-widget-image\" data-id=\"e27cc05\" data-element_type=\"widget\" data-widget_type=\"image.default\">\n\t\t\t\t<div class=\"elementor-widget-container\">\n\t\t\t\t\t\t\t\t\t\t\t\t\t\t\t<img loading=\"lazy\" decoding=\"async\" width=\"1024\" height=\"602\" src=\"https:\/\/lezginogluinsaat.com\/wp-content\/uploads\/2025\/06\/WhatsApp-Image-2024-06-03-at-16.03.08-1024x602.jpeg\" class=\"attachment-large size-large wp-image-1457\" alt=\"\" srcset=\"https:\/\/lezginogluinsaat.com\/wp-content\/uploads\/2025\/06\/WhatsApp-Image-2024-06-03-at-16.03.08-1024x602.jpeg 1024w, https:\/\/lezginogluinsaat.com\/wp-content\/uploads\/2025\/06\/WhatsApp-Image-2024-06-03-at-16.03.08-300x176.jpeg 300w, https:\/\/lezginogluinsaat.com\/wp-content\/uploads\/2025\/06\/WhatsApp-Image-2024-06-03-at-16.03.08-768x451.jpeg 768w, https:\/\/lezginogluinsaat.com\/wp-content\/uploads\/2025\/06\/WhatsApp-Image-2024-06-03-at-16.03.08-1536x902.jpeg 1536w, https:\/\/lezginogluinsaat.com\/wp-content\/uploads\/2025\/06\/WhatsApp-Image-2024-06-03-at-16.03.08.jpeg 1600w\" sizes=\"(max-width: 1024px) 100vw, 1024px\" \/>\t\t\t\t\t\t\t\t\t\t\t\t\t\t\t<\/div>\n\t\t\t\t<\/div>\n\t\t\t\t\t<\/div>\n\t\t\t\t<\/div>\n\t\t\t\t<\/div>\n\t\t","protected":false},"excerpt":{"rendered":"<p>Do\u011fayla Bulu\u015fan Modern Ya\u015fam DETAYLAR \u015eehrin Kalbinde Estetik ve Konfor DETAYLAR<\/p>\n","protected":false},"author":1,"featured_media":0,"parent":0,"menu_order":0,"comment_status":"closed","ping_status":"closed","template":"","meta":{"_kad_post_transparent":"default","_kad_post_title":"hide","_kad_post_layout":"fullwidth","_kad_post_sidebar_id":"","_kad_post_content_style":"unboxed","_kad_post_vertical_padding":"hide","_kad_post_feature":"hide","_kad_post_feature_position":"","_kad_post_header":false,"_kad_post_footer":false,"footnotes":""},"class_list":["post-1198","page","type-page","status-publish","hentry"],"_links":{"self":[{"href":"https:\/\/lezginogluinsaat.com\/index.php\/wp-json\/wp\/v2\/pages\/1198","targetHints":{"allow":["GET"]}}],"collection":[{"href":"https:\/\/lezginogluinsaat.com\/index.php\/wp-json\/wp\/v2\/pages"}],"about":[{"href":"https:\/\/lezginogluinsaat.com\/index.php\/wp-json\/wp\/v2\/types\/page"}],"author":[{"embeddable":true,"href":"https:\/\/lezginogluinsaat.com\/index.php\/wp-json\/wp\/v2\/users\/1"}],"replies":[{"embeddable":true,"href":"https:\/\/lezginogluinsaat.com\/index.php\/wp-json\/wp\/v2\/comments?post=1198"}],"version-history":[{"count":16,"href":"https:\/\/lezginogluinsaat.com\/index.php\/wp-json\/wp\/v2\/pages\/1198\/revisions"}],"predecessor-version":[{"id":1470,"href":"https:\/\/lezginogluinsaat.com\/index.php\/wp-json\/wp\/v2\/pages\/1198\/revisions\/1470"}],"wp:attachment":[{"href":"https:\/\/lezginogluinsaat.com\/index.php\/wp-json\/wp\/v2\/media?parent=1198"}],"curies":[{"name":"wp","href":"https:\/\/api.w.org\/{rel}","templated":true}]}}