{"id":1181,"date":"2024-07-02T08:59:52","date_gmt":"2024-07-02T08:59:52","guid":{"rendered":"https:\/\/lezginogluinsaat.com\/?page_id=1181"},"modified":"2025-06-11T04:28:26","modified_gmt":"2025-06-11T04:28:26","slug":"mimar-sinan-evleri","status":"publish","type":"page","link":"https:\/\/lezginogluinsaat.com\/index.php\/mimar-sinan-evleri\/","title":{"rendered":"M\u0130MAR S\u0130NAN EVLER\u0130"},"content":{"rendered":"\t\t<div data-elementor-type=\"wp-page\" data-elementor-id=\"1181\" class=\"elementor elementor-1181\" data-elementor-post-type=\"page\">\n\t\t\t\t<div class=\"elementor-element elementor-element-7adccc77 e-con-full e-flex e-con e-parent\" data-id=\"7adccc77\" data-element_type=\"container\" data-settings=\"{&quot;background_background&quot;:&quot;classic&quot;}\">\n\t\t\t\t<\/div>\n\t\t<div class=\"elementor-element elementor-element-721d1a71 e-flex e-con-boxed e-con e-parent\" data-id=\"721d1a71\" data-element_type=\"container\">\n\t\t\t\t\t<div class=\"e-con-inner\">\n\t\t\t\t<div class=\"elementor-element elementor-element-616e490f elementor-widget elementor-widget-gallery\" data-id=\"616e490f\" data-element_type=\"widget\" data-settings=\"{&quot;gallery_layout&quot;:&quot;masonry&quot;,&quot;overlay_description&quot;:&quot;title&quot;,&quot;lazyload&quot;:&quot;yes&quot;,&quot;columns&quot;:4,&quot;columns_tablet&quot;:2,&quot;columns_mobile&quot;:1,&quot;gap&quot;:{&quot;unit&quot;:&quot;px&quot;,&quot;size&quot;:10,&quot;sizes&quot;:[]},&quot;gap_tablet&quot;:{&quot;unit&quot;:&quot;px&quot;,&quot;size&quot;:10,&quot;sizes&quot;:[]},&quot;gap_mobile&quot;:{&quot;unit&quot;:&quot;px&quot;,&quot;size&quot;:10,&quot;sizes&quot;:[]},&quot;link_to&quot;:&quot;file&quot;,&quot;content_hover_animation&quot;:&quot;fade-in&quot;}\" data-widget_type=\"gallery.default\">\n\t\t\t\t<div class=\"elementor-widget-container\">\n\t\t\t\t\t\t\t<div class=\"elementor-gallery__container\">\n\t\t\t\t\t\t\t<a class=\"e-gallery-item elementor-gallery-item elementor-animated-content\" href=\"https:\/\/lezginogluinsaat.com\/wp-content\/uploads\/2024\/08\/SULTANBEYLI-1.png\" data-elementor-open-lightbox=\"yes\" data-elementor-lightbox-slideshow=\"616e490f\" data-elementor-lightbox-title=\"SULTANBEYL\u0130-1\" data-e-action-hash=\"#elementor-action%3Aaction%3Dlightbox%26settings%3DeyJpZCI6MTQzMCwidXJsIjoiaHR0cHM6XC9cL2xlemdpbm9nbHVpbnNhYXQuY29tXC93cC1jb250ZW50XC91cGxvYWRzXC8yMDI0XC8wOFwvU1VMVEFOQkVZTEktMS5wbmciLCJzbGlkZXNob3ciOiI2MTZlNDkwZiJ9\">\n\t\t\t\t\t<div class=\"e-gallery-image elementor-gallery-item__image\" data-thumbnail=\"https:\/\/lezginogluinsaat.com\/wp-content\/uploads\/2024\/08\/SULTANBEYLI-1-300x203.png\" data-width=\"300\" data-height=\"203\" aria-label=\"\" role=\"img\" ><\/div>\n\t\t\t\t\t\t\t\t\t\t\t\t\t\t\t<div class=\"elementor-gallery-item__content\">\n\t\t\t\t\t\t\t\t\t\t\t\t\t\t<div class=\"elementor-gallery-item__description\">\n\t\t\t\t\t\t\t\t\t\t\t\t\t\t\t\t\t\tSULTANBEYL\u0130-1\t\t\t\t\t\t\t\t<\/div>\n\t\t\t\t\t\t\t\t\t\t\t\t<\/div>\n\t\t\t\t\t\t\t\t\t<\/a>\n\t\t\t\t\t\t\t<a class=\"e-gallery-item elementor-gallery-item elementor-animated-content\" href=\"https:\/\/lezginogluinsaat.com\/wp-content\/uploads\/2024\/07\/WhatsApp-Image-2024-06-10-at-15.48.12.jpeg\" data-elementor-open-lightbox=\"yes\" data-elementor-lightbox-slideshow=\"616e490f\" data-elementor-lightbox-title=\"Lezgino\u011flu \u0130n\u015faat\" data-e-action-hash=\"#elementor-action%3Aaction%3Dlightbox%26settings%3DeyJpZCI6MTE5MCwidXJsIjoiaHR0cHM6XC9cL2xlemdpbm9nbHVpbnNhYXQuY29tXC93cC1jb250ZW50XC91cGxvYWRzXC8yMDI0XC8wN1wvV2hhdHNBcHAtSW1hZ2UtMjAyNC0wNi0xMC1hdC0xNS40OC4xMi5qcGVnIiwic2xpZGVzaG93IjoiNjE2ZTQ5MGYifQ%3D%3D\">\n\t\t\t\t\t<div class=\"e-gallery-image elementor-gallery-item__image\" data-thumbnail=\"https:\/\/lezginogluinsaat.com\/wp-content\/uploads\/2024\/07\/WhatsApp-Image-2024-06-10-at-15.48.12-300x225.jpeg\" data-width=\"300\" data-height=\"225\" aria-label=\"\" role=\"img\" ><\/div>\n\t\t\t\t\t\t\t\t\t\t\t\t\t\t\t<div class=\"elementor-gallery-item__content\">\n\t\t\t\t\t\t\t\t\t\t\t\t\t\t<div class=\"elementor-gallery-item__description\">\n\t\t\t\t\t\t\t\t\t\t\t\t\t\t\t\t\t\tLezgino\u011flu \u0130n\u015faat\t\t\t\t\t\t\t\t<\/div>\n\t\t\t\t\t\t\t\t\t\t\t\t<\/div>\n\t\t\t\t\t\t\t\t\t<\/a>\n\t\t\t\t\t\t\t<a class=\"e-gallery-item elementor-gallery-item elementor-animated-content\" href=\"https:\/\/lezginogluinsaat.com\/wp-content\/uploads\/2024\/07\/sultanbeyli-2.jpg\" data-elementor-open-lightbox=\"yes\" data-elementor-lightbox-slideshow=\"616e490f\" data-elementor-lightbox-title=\"Lezgino\u011flu \u0130n\u015faat\" data-e-action-hash=\"#elementor-action%3Aaction%3Dlightbox%26settings%3DeyJpZCI6MTE4NCwidXJsIjoiaHR0cHM6XC9cL2xlemdpbm9nbHVpbnNhYXQuY29tXC93cC1jb250ZW50XC91cGxvYWRzXC8yMDI0XC8wN1wvc3VsdGFuYmV5bGktMi5qcGciLCJzbGlkZXNob3ciOiI2MTZlNDkwZiJ9\">\n\t\t\t\t\t<div class=\"e-gallery-image elementor-gallery-item__image\" data-thumbnail=\"https:\/\/lezginogluinsaat.com\/wp-content\/uploads\/2024\/07\/sultanbeyli-2-300x169.jpg\" data-width=\"300\" data-height=\"169\" aria-label=\"\" role=\"img\" ><\/div>\n\t\t\t\t\t\t\t\t\t\t\t\t\t\t\t<div class=\"elementor-gallery-item__content\">\n\t\t\t\t\t\t\t\t\t\t\t\t\t\t<div class=\"elementor-gallery-item__description\">\n\t\t\t\t\t\t\t\t\t\t\t\t\t\t\t\t\t\tLezgino\u011flu \u0130n\u015faat\t\t\t\t\t\t\t\t<\/div>\n\t\t\t\t\t\t\t\t\t\t\t\t<\/div>\n\t\t\t\t\t\t\t\t\t<\/a>\n\t\t\t\t\t\t\t<a class=\"e-gallery-item elementor-gallery-item elementor-animated-content\" href=\"https:\/\/lezginogluinsaat.com\/wp-content\/uploads\/2024\/07\/WhatsApp-Image-2024-06-10-at-15.48.12-4.jpeg\" data-elementor-open-lightbox=\"yes\" data-elementor-lightbox-slideshow=\"616e490f\" data-elementor-lightbox-title=\"Lezgino\u011flu \u0130n\u015faat\" data-e-action-hash=\"#elementor-action%3Aaction%3Dlightbox%26settings%3DeyJpZCI6MTE4OSwidXJsIjoiaHR0cHM6XC9cL2xlemdpbm9nbHVpbnNhYXQuY29tXC93cC1jb250ZW50XC91cGxvYWRzXC8yMDI0XC8wN1wvV2hhdHNBcHAtSW1hZ2UtMjAyNC0wNi0xMC1hdC0xNS40OC4xMi00LmpwZWciLCJzbGlkZXNob3ciOiI2MTZlNDkwZiJ9\">\n\t\t\t\t\t<div class=\"e-gallery-image elementor-gallery-item__image\" data-thumbnail=\"https:\/\/lezginogluinsaat.com\/wp-content\/uploads\/2024\/07\/WhatsApp-Image-2024-06-10-at-15.48.12-4-300x225.jpeg\" data-width=\"300\" data-height=\"225\" aria-label=\"\" role=\"img\" ><\/div>\n\t\t\t\t\t\t\t\t\t\t\t\t\t\t\t<div class=\"elementor-gallery-item__content\">\n\t\t\t\t\t\t\t\t\t\t\t\t\t\t<div class=\"elementor-gallery-item__description\">\n\t\t\t\t\t\t\t\t\t\t\t\t\t\t\t\t\t\tLezgino\u011flu \u0130n\u015faat\t\t\t\t\t\t\t\t<\/div>\n\t\t\t\t\t\t\t\t\t\t\t\t<\/div>\n\t\t\t\t\t\t\t\t\t<\/a>\n\t\t\t\t\t\t\t<a class=\"e-gallery-item elementor-gallery-item elementor-animated-content\" href=\"https:\/\/lezginogluinsaat.com\/wp-content\/uploads\/2024\/07\/WhatsApp-Image-2024-06-10-at-15.52.13.jpeg\" data-elementor-open-lightbox=\"yes\" data-elementor-lightbox-slideshow=\"616e490f\" data-elementor-lightbox-title=\"Lezgino\u011flu \u0130n\u015faat\" data-e-action-hash=\"#elementor-action%3Aaction%3Dlightbox%26settings%3DeyJpZCI6MTE5MSwidXJsIjoiaHR0cHM6XC9cL2xlemdpbm9nbHVpbnNhYXQuY29tXC93cC1jb250ZW50XC91cGxvYWRzXC8yMDI0XC8wN1wvV2hhdHNBcHAtSW1hZ2UtMjAyNC0wNi0xMC1hdC0xNS41Mi4xMy5qcGVnIiwic2xpZGVzaG93IjoiNjE2ZTQ5MGYifQ%3D%3D\">\n\t\t\t\t\t<div class=\"e-gallery-image elementor-gallery-item__image\" data-thumbnail=\"https:\/\/lezginogluinsaat.com\/wp-content\/uploads\/2024\/07\/WhatsApp-Image-2024-06-10-at-15.52.13-300x169.jpeg\" data-width=\"300\" data-height=\"169\" aria-label=\"\" role=\"img\" ><\/div>\n\t\t\t\t\t\t\t\t\t\t\t\t\t\t\t<div class=\"elementor-gallery-item__content\">\n\t\t\t\t\t\t\t\t\t\t\t\t\t\t<div class=\"elementor-gallery-item__description\">\n\t\t\t\t\t\t\t\t\t\t\t\t\t\t\t\t\t\tLezgino\u011flu \u0130n\u015faat\t\t\t\t\t\t\t\t<\/div>\n\t\t\t\t\t\t\t\t\t\t\t\t<\/div>\n\t\t\t\t\t\t\t\t\t<\/a>\n\t\t\t\t\t\t\t<a class=\"e-gallery-item elementor-gallery-item elementor-animated-content\" href=\"https:\/\/lezginogluinsaat.com\/wp-content\/uploads\/2024\/07\/WhatsApp-Image-2024-06-10-at-16.12.32-2.jpeg\" data-elementor-open-lightbox=\"yes\" data-elementor-lightbox-slideshow=\"616e490f\" data-elementor-lightbox-title=\"Lezgino\u011flu \u0130n\u015faat\" data-e-action-hash=\"#elementor-action%3Aaction%3Dlightbox%26settings%3DeyJpZCI6MTE5MywidXJsIjoiaHR0cHM6XC9cL2xlemdpbm9nbHVpbnNhYXQuY29tXC93cC1jb250ZW50XC91cGxvYWRzXC8yMDI0XC8wN1wvV2hhdHNBcHAtSW1hZ2UtMjAyNC0wNi0xMC1hdC0xNi4xMi4zMi0yLmpwZWciLCJzbGlkZXNob3ciOiI2MTZlNDkwZiJ9\">\n\t\t\t\t\t<div class=\"e-gallery-image elementor-gallery-item__image\" data-thumbnail=\"https:\/\/lezginogluinsaat.com\/wp-content\/uploads\/2024\/07\/WhatsApp-Image-2024-06-10-at-16.12.32-2-300x169.jpeg\" data-width=\"300\" data-height=\"169\" aria-label=\"\" role=\"img\" ><\/div>\n\t\t\t\t\t\t\t\t\t\t\t\t\t\t\t<div class=\"elementor-gallery-item__content\">\n\t\t\t\t\t\t\t\t\t\t\t\t\t\t<div class=\"elementor-gallery-item__description\">\n\t\t\t\t\t\t\t\t\t\t\t\t\t\t\t\t\t\tLezgino\u011flu \u0130n\u015faat\t\t\t\t\t\t\t\t<\/div>\n\t\t\t\t\t\t\t\t\t\t\t\t<\/div>\n\t\t\t\t\t\t\t\t\t<\/a>\n\t\t\t\t\t\t\t<a class=\"e-gallery-item elementor-gallery-item elementor-animated-content\" href=\"https:\/\/lezginogluinsaat.com\/wp-content\/uploads\/2024\/07\/WhatsApp-Image-2024-06-10-at-16.12.32-1.jpeg\" data-elementor-open-lightbox=\"yes\" data-elementor-lightbox-slideshow=\"616e490f\" data-elementor-lightbox-title=\"Lezgino\u011flu \u0130n\u015faat\" data-e-action-hash=\"#elementor-action%3Aaction%3Dlightbox%26settings%3DeyJpZCI6MTE5MiwidXJsIjoiaHR0cHM6XC9cL2xlemdpbm9nbHVpbnNhYXQuY29tXC93cC1jb250ZW50XC91cGxvYWRzXC8yMDI0XC8wN1wvV2hhdHNBcHAtSW1hZ2UtMjAyNC0wNi0xMC1hdC0xNi4xMi4zMi0xLmpwZWciLCJzbGlkZXNob3ciOiI2MTZlNDkwZiJ9\">\n\t\t\t\t\t<div class=\"e-gallery-image elementor-gallery-item__image\" data-thumbnail=\"https:\/\/lezginogluinsaat.com\/wp-content\/uploads\/2024\/07\/WhatsApp-Image-2024-06-10-at-16.12.32-1-300x169.jpeg\" data-width=\"300\" data-height=\"169\" aria-label=\"\" role=\"img\" ><\/div>\n\t\t\t\t\t\t\t\t\t\t\t\t\t\t\t<div class=\"elementor-gallery-item__content\">\n\t\t\t\t\t\t\t\t\t\t\t\t\t\t<div class=\"elementor-gallery-item__description\">\n\t\t\t\t\t\t\t\t\t\t\t\t\t\t\t\t\t\tLezgino\u011flu \u0130n\u015faat\t\t\t\t\t\t\t\t<\/div>\n\t\t\t\t\t\t\t\t\t\t\t\t<\/div>\n\t\t\t\t\t\t\t\t\t<\/a>\n\t\t\t\t\t\t\t<a class=\"e-gallery-item elementor-gallery-item elementor-animated-content\" href=\"https:\/\/lezginogluinsaat.com\/wp-content\/uploads\/2024\/07\/sultanbeyli-3.jpg\" data-elementor-open-lightbox=\"yes\" data-elementor-lightbox-slideshow=\"616e490f\" data-elementor-lightbox-title=\"Lezgino\u011flu \u0130n\u015faat\" data-e-action-hash=\"#elementor-action%3Aaction%3Dlightbox%26settings%3DeyJpZCI6MTE4NSwidXJsIjoiaHR0cHM6XC9cL2xlemdpbm9nbHVpbnNhYXQuY29tXC93cC1jb250ZW50XC91cGxvYWRzXC8yMDI0XC8wN1wvc3VsdGFuYmV5bGktMy5qcGciLCJzbGlkZXNob3ciOiI2MTZlNDkwZiJ9\">\n\t\t\t\t\t<div class=\"e-gallery-image elementor-gallery-item__image\" data-thumbnail=\"https:\/\/lezginogluinsaat.com\/wp-content\/uploads\/2024\/07\/sultanbeyli-3-300x182.jpg\" data-width=\"300\" data-height=\"182\" aria-label=\"\" role=\"img\" ><\/div>\n\t\t\t\t\t\t\t\t\t\t\t\t\t\t\t<div class=\"elementor-gallery-item__content\">\n\t\t\t\t\t\t\t\t\t\t\t\t\t\t<div class=\"elementor-gallery-item__description\">\n\t\t\t\t\t\t\t\t\t\t\t\t\t\t\t\t\t\tLezgino\u011flu \u0130n\u015faat\t\t\t\t\t\t\t\t<\/div>\n\t\t\t\t\t\t\t\t\t\t\t\t<\/div>\n\t\t\t\t\t\t\t\t\t<\/a>\n\t\t\t\t\t\t\t<a class=\"e-gallery-item elementor-gallery-item elementor-animated-content\" href=\"https:\/\/lezginogluinsaat.com\/wp-content\/uploads\/2024\/07\/WhatsApp-Image-2024-06-10-at-15.48.12-1.jpeg\" data-elementor-open-lightbox=\"yes\" data-elementor-lightbox-slideshow=\"616e490f\" data-elementor-lightbox-title=\"Lezgino\u011flu \u0130n\u015faat\" data-e-action-hash=\"#elementor-action%3Aaction%3Dlightbox%26settings%3DeyJpZCI6MTE4NiwidXJsIjoiaHR0cHM6XC9cL2xlemdpbm9nbHVpbnNhYXQuY29tXC93cC1jb250ZW50XC91cGxvYWRzXC8yMDI0XC8wN1wvV2hhdHNBcHAtSW1hZ2UtMjAyNC0wNi0xMC1hdC0xNS40OC4xMi0xLmpwZWciLCJzbGlkZXNob3ciOiI2MTZlNDkwZiJ9\">\n\t\t\t\t\t<div class=\"e-gallery-image elementor-gallery-item__image\" data-thumbnail=\"https:\/\/lezginogluinsaat.com\/wp-content\/uploads\/2024\/07\/WhatsApp-Image-2024-06-10-at-15.48.12-1-300x225.jpeg\" data-width=\"300\" data-height=\"225\" aria-label=\"\" role=\"img\" ><\/div>\n\t\t\t\t\t\t\t\t\t\t\t\t\t\t\t<div class=\"elementor-gallery-item__content\">\n\t\t\t\t\t\t\t\t\t\t\t\t\t\t<div class=\"elementor-gallery-item__description\">\n\t\t\t\t\t\t\t\t\t\t\t\t\t\t\t\t\t\tLezgino\u011flu \u0130n\u015faat\t\t\t\t\t\t\t\t<\/div>\n\t\t\t\t\t\t\t\t\t\t\t\t<\/div>\n\t\t\t\t\t\t\t\t\t<\/a>\n\t\t\t\t\t\t\t<a class=\"e-gallery-item elementor-gallery-item elementor-animated-content\" href=\"https:\/\/lezginogluinsaat.com\/wp-content\/uploads\/2024\/07\/WhatsApp-Image-2024-06-10-at-16.12.32.jpeg\" data-elementor-open-lightbox=\"yes\" data-elementor-lightbox-slideshow=\"616e490f\" data-elementor-lightbox-title=\"Lezgino\u011flu \u0130n\u015faat\" data-e-action-hash=\"#elementor-action%3Aaction%3Dlightbox%26settings%3DeyJpZCI6MTE5NCwidXJsIjoiaHR0cHM6XC9cL2xlemdpbm9nbHVpbnNhYXQuY29tXC93cC1jb250ZW50XC91cGxvYWRzXC8yMDI0XC8wN1wvV2hhdHNBcHAtSW1hZ2UtMjAyNC0wNi0xMC1hdC0xNi4xMi4zMi5qcGVnIiwic2xpZGVzaG93IjoiNjE2ZTQ5MGYifQ%3D%3D\">\n\t\t\t\t\t<div class=\"e-gallery-image elementor-gallery-item__image\" data-thumbnail=\"https:\/\/lezginogluinsaat.com\/wp-content\/uploads\/2024\/07\/WhatsApp-Image-2024-06-10-at-16.12.32-300x169.jpeg\" data-width=\"300\" data-height=\"169\" aria-label=\"\" role=\"img\" ><\/div>\n\t\t\t\t\t\t\t\t\t\t\t\t\t\t\t<div class=\"elementor-gallery-item__content\">\n\t\t\t\t\t\t\t\t\t\t\t\t\t\t<div class=\"elementor-gallery-item__description\">\n\t\t\t\t\t\t\t\t\t\t\t\t\t\t\t\t\t\tLezgino\u011flu \u0130n\u015faat\t\t\t\t\t\t\t\t<\/div>\n\t\t\t\t\t\t\t\t\t\t\t\t<\/div>\n\t\t\t\t\t\t\t\t\t<\/a>\n\t\t\t\t\t<\/div>\n\t\t\t\t\t<\/div>\n\t\t\t\t<\/div>\n\t\t\t\t\t<\/div>\n\t\t\t\t<\/div>\n\t\t<div class=\"elementor-element elementor-element-5dfa9354 e-grid e-con-boxed e-con e-parent\" data-id=\"5dfa9354\" data-element_type=\"container\">\n\t\t\t\t\t<div class=\"e-con-inner\">\n\t\t\t\t<div class=\"elementor-element elementor-element-27620cc0 elementor-widget elementor-widget-image\" data-id=\"27620cc0\" data-element_type=\"widget\" data-widget_type=\"image.default\">\n\t\t\t\t<div class=\"elementor-widget-container\">\n\t\t\t\t\t\t\t\t\t\t\t\t\t\t\t<img fetchpriority=\"high\" decoding=\"async\" width=\"1024\" height=\"768\" src=\"https:\/\/lezginogluinsaat.com\/wp-content\/uploads\/2025\/06\/WhatsApp-Image-2024-06-10-at-15.48.12-4.jpeg\" class=\"attachment-large size-large wp-image-1483\" alt=\"\" srcset=\"https:\/\/lezginogluinsaat.com\/wp-content\/uploads\/2025\/06\/WhatsApp-Image-2024-06-10-at-15.48.12-4.jpeg 1024w, https:\/\/lezginogluinsaat.com\/wp-content\/uploads\/2025\/06\/WhatsApp-Image-2024-06-10-at-15.48.12-4-300x225.jpeg 300w, https:\/\/lezginogluinsaat.com\/wp-content\/uploads\/2025\/06\/WhatsApp-Image-2024-06-10-at-15.48.12-4-768x576.jpeg 768w\" sizes=\"(max-width: 1024px) 100vw, 1024px\" \/>\t\t\t\t\t\t\t\t\t\t\t\t\t\t\t<\/div>\n\t\t\t\t<\/div>\n\t\t\t\t<div class=\"elementor-element elementor-element-680f07f7 elementor-widget elementor-widget-image\" data-id=\"680f07f7\" data-element_type=\"widget\" data-widget_type=\"image.default\">\n\t\t\t\t<div class=\"elementor-widget-container\">\n\t\t\t\t\t\t\t\t\t\t\t\t\t\t\t<img decoding=\"async\" width=\"1024\" height=\"768\" src=\"https:\/\/lezginogluinsaat.com\/wp-content\/uploads\/2025\/06\/WhatsApp-Image-2024-06-10-at-15.48.12.jpeg\" class=\"attachment-large size-large wp-image-1484\" alt=\"\" srcset=\"https:\/\/lezginogluinsaat.com\/wp-content\/uploads\/2025\/06\/WhatsApp-Image-2024-06-10-at-15.48.12.jpeg 1024w, https:\/\/lezginogluinsaat.com\/wp-content\/uploads\/2025\/06\/WhatsApp-Image-2024-06-10-at-15.48.12-300x225.jpeg 300w, https:\/\/lezginogluinsaat.com\/wp-content\/uploads\/2025\/06\/WhatsApp-Image-2024-06-10-at-15.48.12-768x576.jpeg 768w\" sizes=\"(max-width: 1024px) 100vw, 1024px\" \/>\t\t\t\t\t\t\t\t\t\t\t\t\t\t\t<\/div>\n\t\t\t\t<\/div>\n\t\t\t\t<div class=\"elementor-element elementor-element-2de446b2 elementor-widget elementor-widget-image\" data-id=\"2de446b2\" data-element_type=\"widget\" data-widget_type=\"image.default\">\n\t\t\t\t<div class=\"elementor-widget-container\">\n\t\t\t\t\t\t\t\t\t\t\t\t\t\t\t<img decoding=\"async\" width=\"1024\" height=\"576\" src=\"https:\/\/lezginogluinsaat.com\/wp-content\/uploads\/2025\/06\/WhatsApp-Image-2024-06-10-at-16.12.32-1024x576.jpeg\" class=\"attachment-large size-large wp-image-1485\" alt=\"\" srcset=\"https:\/\/lezginogluinsaat.com\/wp-content\/uploads\/2025\/06\/WhatsApp-Image-2024-06-10-at-16.12.32-1024x576.jpeg 1024w, https:\/\/lezginogluinsaat.com\/wp-content\/uploads\/2025\/06\/WhatsApp-Image-2024-06-10-at-16.12.32-300x169.jpeg 300w, https:\/\/lezginogluinsaat.com\/wp-content\/uploads\/2025\/06\/WhatsApp-Image-2024-06-10-at-16.12.32-768x432.jpeg 768w, https:\/\/lezginogluinsaat.com\/wp-content\/uploads\/2025\/06\/WhatsApp-Image-2024-06-10-at-16.12.32-1536x864.jpeg 1536w, https:\/\/lezginogluinsaat.com\/wp-content\/uploads\/2025\/06\/WhatsApp-Image-2024-06-10-at-16.12.32.jpeg 1600w\" sizes=\"(max-width: 1024px) 100vw, 1024px\" \/>\t\t\t\t\t\t\t\t\t\t\t\t\t\t\t<\/div>\n\t\t\t\t<\/div>\n\t\t\t\t<div class=\"elementor-element elementor-element-3a051afe elementor-widget elementor-widget-image\" data-id=\"3a051afe\" data-element_type=\"widget\" data-widget_type=\"image.default\">\n\t\t\t\t<div class=\"elementor-widget-container\">\n\t\t\t\t\t\t\t\t\t\t\t\t\t\t\t<img loading=\"lazy\" decoding=\"async\" width=\"1024\" height=\"576\" src=\"https:\/\/lezginogluinsaat.com\/wp-content\/uploads\/2025\/06\/WhatsApp-Image-2024-06-10-at-15.52.13-1024x576.jpeg\" class=\"attachment-large size-large wp-image-1486\" alt=\"\" srcset=\"https:\/\/lezginogluinsaat.com\/wp-content\/uploads\/2025\/06\/WhatsApp-Image-2024-06-10-at-15.52.13-1024x576.jpeg 1024w, https:\/\/lezginogluinsaat.com\/wp-content\/uploads\/2025\/06\/WhatsApp-Image-2024-06-10-at-15.52.13-300x169.jpeg 300w, https:\/\/lezginogluinsaat.com\/wp-content\/uploads\/2025\/06\/WhatsApp-Image-2024-06-10-at-15.52.13-768x432.jpeg 768w, https:\/\/lezginogluinsaat.com\/wp-content\/uploads\/2025\/06\/WhatsApp-Image-2024-06-10-at-15.52.13-1536x864.jpeg 1536w, https:\/\/lezginogluinsaat.com\/wp-content\/uploads\/2025\/06\/WhatsApp-Image-2024-06-10-at-15.52.13.jpeg 1600w\" sizes=\"(max-width: 1024px) 100vw, 1024px\" \/>\t\t\t\t\t\t\t\t\t\t\t\t\t\t\t<\/div>\n\t\t\t\t<\/div>\n\t\t\t\t<div class=\"elementor-element elementor-element-49044bdd elementor-widget elementor-widget-image\" data-id=\"49044bdd\" data-element_type=\"widget\" data-widget_type=\"image.default\">\n\t\t\t\t<div class=\"elementor-widget-container\">\n\t\t\t\t\t\t\t\t\t\t\t\t\t\t\t<img loading=\"lazy\" decoding=\"async\" width=\"1024\" height=\"576\" src=\"https:\/\/lezginogluinsaat.com\/wp-content\/uploads\/2025\/06\/WhatsApp-Image-2024-06-10-at-16.12.32-1-1024x576.jpeg\" class=\"attachment-large size-large wp-image-1487\" alt=\"\" srcset=\"https:\/\/lezginogluinsaat.com\/wp-content\/uploads\/2025\/06\/WhatsApp-Image-2024-06-10-at-16.12.32-1-1024x576.jpeg 1024w, https:\/\/lezginogluinsaat.com\/wp-content\/uploads\/2025\/06\/WhatsApp-Image-2024-06-10-at-16.12.32-1-300x169.jpeg 300w, https:\/\/lezginogluinsaat.com\/wp-content\/uploads\/2025\/06\/WhatsApp-Image-2024-06-10-at-16.12.32-1-768x432.jpeg 768w, https:\/\/lezginogluinsaat.com\/wp-content\/uploads\/2025\/06\/WhatsApp-Image-2024-06-10-at-16.12.32-1-1536x864.jpeg 1536w, https:\/\/lezginogluinsaat.com\/wp-content\/uploads\/2025\/06\/WhatsApp-Image-2024-06-10-at-16.12.32-1.jpeg 1600w\" sizes=\"(max-width: 1024px) 100vw, 1024px\" \/>\t\t\t\t\t\t\t\t\t\t\t\t\t\t\t<\/div>\n\t\t\t\t<\/div>\n\t\t\t\t<div class=\"elementor-element elementor-element-78728721 elementor-widget elementor-widget-image\" data-id=\"78728721\" data-element_type=\"widget\" data-widget_type=\"image.default\">\n\t\t\t\t<div class=\"elementor-widget-container\">\n\t\t\t\t\t\t\t\t\t\t\t\t\t\t\t<img loading=\"lazy\" decoding=\"async\" width=\"1024\" height=\"576\" src=\"https:\/\/lezginogluinsaat.com\/wp-content\/uploads\/2025\/06\/WhatsApp-Image-2024-06-10-at-16.12.32-2-1024x576.jpeg\" class=\"attachment-large size-large wp-image-1488\" alt=\"\" srcset=\"https:\/\/lezginogluinsaat.com\/wp-content\/uploads\/2025\/06\/WhatsApp-Image-2024-06-10-at-16.12.32-2-1024x576.jpeg 1024w, https:\/\/lezginogluinsaat.com\/wp-content\/uploads\/2025\/06\/WhatsApp-Image-2024-06-10-at-16.12.32-2-300x169.jpeg 300w, https:\/\/lezginogluinsaat.com\/wp-content\/uploads\/2025\/06\/WhatsApp-Image-2024-06-10-at-16.12.32-2-768x432.jpeg 768w, https:\/\/lezginogluinsaat.com\/wp-content\/uploads\/2025\/06\/WhatsApp-Image-2024-06-10-at-16.12.32-2-1536x864.jpeg 1536w, https:\/\/lezginogluinsaat.com\/wp-content\/uploads\/2025\/06\/WhatsApp-Image-2024-06-10-at-16.12.32-2.jpeg 1600w\" sizes=\"(max-width: 1024px) 100vw, 1024px\" \/>\t\t\t\t\t\t\t\t\t\t\t\t\t\t\t<\/div>\n\t\t\t\t<\/div>\n\t\t\t\t\t<\/div>\n\t\t\t\t<\/div>\n\t\t\t\t<\/div>\n\t\t","protected":false},"excerpt":{"rendered":"<p>Lezgino\u011flu \u0130n\u015faat Lezgino\u011flu \u0130n\u015faat SULTANBEYL\u0130-1 Lezgino\u011flu \u0130n\u015faat Lezgino\u011flu \u0130n\u015faat Lezgino\u011flu \u0130n\u015faat Lezgino\u011flu \u0130n\u015faat Lezgino\u011flu \u0130n\u015faat Lezgino\u011flu \u0130n\u015faat Lezgino\u011flu \u0130n\u015faat<\/p>\n","protected":false},"author":1,"featured_media":0,"parent":0,"menu_order":0,"comment_status":"closed","ping_status":"closed","template":"","meta":{"_kad_post_transparent":"default","_kad_post_title":"hide","_kad_post_layout":"fullwidth","_kad_post_sidebar_id":"","_kad_post_content_style":"unboxed","_kad_post_vertical_padding":"hide","_kad_post_feature":"hide","_kad_post_feature_position":"","_kad_post_header":false,"_kad_post_footer":false,"footnotes":""},"class_list":["post-1181","page","type-page","status-publish","hentry"],"_links":{"self":[{"href":"https:\/\/lezginogluinsaat.com\/index.php\/wp-json\/wp\/v2\/pages\/1181","targetHints":{"allow":["GET"]}}],"collection":[{"href":"https:\/\/lezginogluinsaat.com\/index.php\/wp-json\/wp\/v2\/pages"}],"about":[{"href":"https:\/\/lezginogluinsaat.com\/index.php\/wp-json\/wp\/v2\/types\/page"}],"author":[{"embeddable":true,"href":"https:\/\/lezginogluinsaat.com\/index.php\/wp-json\/wp\/v2\/users\/1"}],"replies":[{"embeddable":true,"href":"https:\/\/lezginogluinsaat.com\/index.php\/wp-json\/wp\/v2\/comments?post=1181"}],"version-history":[{"count":22,"href":"https:\/\/lezginogluinsaat.com\/index.php\/wp-json\/wp\/v2\/pages\/1181\/revisions"}],"predecessor-version":[{"id":1491,"href":"https:\/\/lezginogluinsaat.com\/index.php\/wp-json\/wp\/v2\/pages\/1181\/revisions\/1491"}],"wp:attachment":[{"href":"https:\/\/lezginogluinsaat.com\/index.php\/wp-json\/wp\/v2\/media?parent=1181"}],"curies":[{"name":"wp","href":"https:\/\/api.w.org\/{rel}","templated":true}]}}