{"id":1169,"date":"2024-07-02T08:53:50","date_gmt":"2024-07-02T08:53:50","guid":{"rendered":"https:\/\/lezginogluinsaat.com\/?page_id=1169"},"modified":"2025-06-11T04:37:41","modified_gmt":"2025-06-11T04:37:41","slug":"emlak-konut-cinarkoy-evleri","status":"publish","type":"page","link":"https:\/\/lezginogluinsaat.com\/index.php\/emlak-konut-cinarkoy-evleri\/","title":{"rendered":"EMLAK KONUT \u00c7INARK\u00d6Y EVLER\u0130"},"content":{"rendered":"\t\t<div data-elementor-type=\"wp-page\" data-elementor-id=\"1169\" class=\"elementor elementor-1169\" data-elementor-post-type=\"page\">\n\t\t\t\t<div class=\"elementor-element elementor-element-5af12b9d e-con-full e-flex e-con e-parent\" data-id=\"5af12b9d\" data-element_type=\"container\" data-settings=\"{&quot;background_background&quot;:&quot;classic&quot;}\">\n\t\t\t\t<\/div>\n\t\t<div class=\"elementor-element elementor-element-2e67dfab e-flex e-con-boxed e-con e-parent\" data-id=\"2e67dfab\" data-element_type=\"container\">\n\t\t\t\t\t<div class=\"e-con-inner\">\n\t\t\t\t<div class=\"elementor-element elementor-element-7a1895c6 elementor-widget elementor-widget-gallery\" data-id=\"7a1895c6\" data-element_type=\"widget\" data-settings=\"{&quot;gallery_layout&quot;:&quot;masonry&quot;,&quot;lazyload&quot;:&quot;yes&quot;,&quot;columns&quot;:4,&quot;columns_tablet&quot;:2,&quot;columns_mobile&quot;:1,&quot;gap&quot;:{&quot;unit&quot;:&quot;px&quot;,&quot;size&quot;:10,&quot;sizes&quot;:[]},&quot;gap_tablet&quot;:{&quot;unit&quot;:&quot;px&quot;,&quot;size&quot;:10,&quot;sizes&quot;:[]},&quot;gap_mobile&quot;:{&quot;unit&quot;:&quot;px&quot;,&quot;size&quot;:10,&quot;sizes&quot;:[]},&quot;link_to&quot;:&quot;file&quot;,&quot;overlay_background&quot;:&quot;yes&quot;,&quot;content_hover_animation&quot;:&quot;fade-in&quot;}\" data-widget_type=\"gallery.default\">\n\t\t\t\t<div class=\"elementor-widget-container\">\n\t\t\t\t\t\t\t<div class=\"elementor-gallery__container\">\n\t\t\t\t\t\t\t<a class=\"e-gallery-item elementor-gallery-item elementor-animated-content\" href=\"https:\/\/lezginogluinsaat.com\/wp-content\/uploads\/2024\/07\/cekmekoy-3-1.jpg\" data-elementor-open-lightbox=\"yes\" data-elementor-lightbox-slideshow=\"7a1895c6\" data-elementor-lightbox-title=\"Lezgino\u011flu \u0130n\u015faat\" data-e-action-hash=\"#elementor-action%3Aaction%3Dlightbox%26settings%3DeyJpZCI6MTI4OCwidXJsIjoiaHR0cHM6XC9cL2xlemdpbm9nbHVpbnNhYXQuY29tXC93cC1jb250ZW50XC91cGxvYWRzXC8yMDI0XC8wN1wvY2VrbWVrb3ktMy0xLmpwZyIsInNsaWRlc2hvdyI6IjdhMTg5NWM2In0%3D\">\n\t\t\t\t\t<div class=\"e-gallery-image elementor-gallery-item__image\" data-thumbnail=\"https:\/\/lezginogluinsaat.com\/wp-content\/uploads\/2024\/07\/cekmekoy-3-1-300x169.jpg\" data-width=\"300\" data-height=\"169\" aria-label=\"\" role=\"img\" ><\/div>\n\t\t\t\t\t\t\t\t\t\t\t<div class=\"elementor-gallery-item__overlay\"><\/div>\n\t\t\t\t\t\t\t\t\t\t\t\t\t\t<\/a>\n\t\t\t\t\t\t\t<a class=\"e-gallery-item elementor-gallery-item elementor-animated-content\" href=\"https:\/\/lezginogluinsaat.com\/wp-content\/uploads\/2024\/07\/CKOY.2-1-scaled.jpg\" data-elementor-open-lightbox=\"yes\" data-elementor-lightbox-slideshow=\"7a1895c6\" data-elementor-lightbox-title=\"Lezgino\u011flu \u0130n\u015faat\" data-e-action-hash=\"#elementor-action%3Aaction%3Dlightbox%26settings%3DeyJpZCI6MTI4OSwidXJsIjoiaHR0cHM6XC9cL2xlemdpbm9nbHVpbnNhYXQuY29tXC93cC1jb250ZW50XC91cGxvYWRzXC8yMDI0XC8wN1wvQ0tPWS4yLTEtc2NhbGVkLmpwZyIsInNsaWRlc2hvdyI6IjdhMTg5NWM2In0%3D\">\n\t\t\t\t\t<div class=\"e-gallery-image elementor-gallery-item__image\" data-thumbnail=\"https:\/\/lezginogluinsaat.com\/wp-content\/uploads\/2024\/07\/CKOY.2-1-300x169.jpg\" data-width=\"300\" data-height=\"169\" aria-label=\"\" role=\"img\" ><\/div>\n\t\t\t\t\t\t\t\t\t\t\t<div class=\"elementor-gallery-item__overlay\"><\/div>\n\t\t\t\t\t\t\t\t\t\t\t\t\t\t<\/a>\n\t\t\t\t\t\t\t<a class=\"e-gallery-item elementor-gallery-item elementor-animated-content\" href=\"https:\/\/lezginogluinsaat.com\/wp-content\/uploads\/2024\/08\/WhatsApp-Image-2024-08-14-at-14.23.44.jpeg\" data-elementor-open-lightbox=\"yes\" data-elementor-lightbox-slideshow=\"7a1895c6\" data-elementor-lightbox-title=\"WhatsApp Image 2024-08-14 at 14.23.44\" data-e-action-hash=\"#elementor-action%3Aaction%3Dlightbox%26settings%3DeyJpZCI6MTQyMSwidXJsIjoiaHR0cHM6XC9cL2xlemdpbm9nbHVpbnNhYXQuY29tXC93cC1jb250ZW50XC91cGxvYWRzXC8yMDI0XC8wOFwvV2hhdHNBcHAtSW1hZ2UtMjAyNC0wOC0xNC1hdC0xNC4yMy40NC5qcGVnIiwic2xpZGVzaG93IjoiN2ExODk1YzYifQ%3D%3D\">\n\t\t\t\t\t<div class=\"e-gallery-image elementor-gallery-item__image\" data-thumbnail=\"https:\/\/lezginogluinsaat.com\/wp-content\/uploads\/2024\/08\/WhatsApp-Image-2024-08-14-at-14.23.44-300x225.jpeg\" data-width=\"300\" data-height=\"225\" aria-label=\"\" role=\"img\" ><\/div>\n\t\t\t\t\t\t\t\t\t\t\t<div class=\"elementor-gallery-item__overlay\"><\/div>\n\t\t\t\t\t\t\t\t\t\t\t\t\t\t<\/a>\n\t\t\t\t\t\t\t<a class=\"e-gallery-item elementor-gallery-item elementor-animated-content\" href=\"https:\/\/lezginogluinsaat.com\/wp-content\/uploads\/2024\/07\/cekmekoy-1.jpg\" data-elementor-open-lightbox=\"yes\" data-elementor-lightbox-slideshow=\"7a1895c6\" data-elementor-lightbox-title=\"Lezgino\u011flu \u0130n\u015faat\" data-e-action-hash=\"#elementor-action%3Aaction%3Dlightbox%26settings%3DeyJpZCI6MTI4NywidXJsIjoiaHR0cHM6XC9cL2xlemdpbm9nbHVpbnNhYXQuY29tXC93cC1jb250ZW50XC91cGxvYWRzXC8yMDI0XC8wN1wvY2VrbWVrb3ktMS5qcGciLCJzbGlkZXNob3ciOiI3YTE4OTVjNiJ9\">\n\t\t\t\t\t<div class=\"e-gallery-image elementor-gallery-item__image\" data-thumbnail=\"https:\/\/lezginogluinsaat.com\/wp-content\/uploads\/2024\/07\/cekmekoy-1-300x150.jpg\" data-width=\"300\" data-height=\"150\" aria-label=\"\" role=\"img\" ><\/div>\n\t\t\t\t\t\t\t\t\t\t\t<div class=\"elementor-gallery-item__overlay\"><\/div>\n\t\t\t\t\t\t\t\t\t\t\t\t\t\t<\/a>\n\t\t\t\t\t\t\t<a class=\"e-gallery-item elementor-gallery-item elementor-animated-content\" href=\"https:\/\/lezginogluinsaat.com\/wp-content\/uploads\/2024\/07\/cekmekoy-saha-1-1-scaled.jpg\" data-elementor-open-lightbox=\"yes\" data-elementor-lightbox-slideshow=\"7a1895c6\" data-elementor-lightbox-title=\"Lezgino\u011flu \u0130n\u015faat\" data-e-action-hash=\"#elementor-action%3Aaction%3Dlightbox%26settings%3DeyJpZCI6MTI4NSwidXJsIjoiaHR0cHM6XC9cL2xlemdpbm9nbHVpbnNhYXQuY29tXC93cC1jb250ZW50XC91cGxvYWRzXC8yMDI0XC8wN1wvY2VrbWVrb3ktc2FoYS0xLTEtc2NhbGVkLmpwZyIsInNsaWRlc2hvdyI6IjdhMTg5NWM2In0%3D\">\n\t\t\t\t\t<div class=\"e-gallery-image elementor-gallery-item__image\" data-thumbnail=\"https:\/\/lezginogluinsaat.com\/wp-content\/uploads\/2024\/07\/cekmekoy-saha-1-1-300x169.jpg\" data-width=\"300\" data-height=\"169\" aria-label=\"\" role=\"img\" ><\/div>\n\t\t\t\t\t\t\t\t\t\t\t<div class=\"elementor-gallery-item__overlay\"><\/div>\n\t\t\t\t\t\t\t\t\t\t\t\t\t\t<\/a>\n\t\t\t\t\t\t\t<a class=\"e-gallery-item elementor-gallery-item elementor-animated-content\" href=\"https:\/\/lezginogluinsaat.com\/wp-content\/uploads\/2024\/07\/cekmekoy-saha-3-1-scaled.jpg\" data-elementor-open-lightbox=\"yes\" data-elementor-lightbox-slideshow=\"7a1895c6\" data-elementor-lightbox-title=\"Lezgino\u011flu \u0130n\u015faat\" data-e-action-hash=\"#elementor-action%3Aaction%3Dlightbox%26settings%3DeyJpZCI6MTI4NiwidXJsIjoiaHR0cHM6XC9cL2xlemdpbm9nbHVpbnNhYXQuY29tXC93cC1jb250ZW50XC91cGxvYWRzXC8yMDI0XC8wN1wvY2VrbWVrb3ktc2FoYS0zLTEtc2NhbGVkLmpwZyIsInNsaWRlc2hvdyI6IjdhMTg5NWM2In0%3D\">\n\t\t\t\t\t<div class=\"e-gallery-image elementor-gallery-item__image\" data-thumbnail=\"https:\/\/lezginogluinsaat.com\/wp-content\/uploads\/2024\/07\/cekmekoy-saha-3-1-300x169.jpg\" data-width=\"300\" data-height=\"169\" aria-label=\"\" role=\"img\" ><\/div>\n\t\t\t\t\t\t\t\t\t\t\t<div class=\"elementor-gallery-item__overlay\"><\/div>\n\t\t\t\t\t\t\t\t\t\t\t\t\t\t<\/a>\n\t\t\t\t\t\t\t<a class=\"e-gallery-item elementor-gallery-item elementor-animated-content\" href=\"https:\/\/lezginogluinsaat.com\/wp-content\/uploads\/2024\/07\/CKOY-1-scaled.jpg\" data-elementor-open-lightbox=\"yes\" data-elementor-lightbox-slideshow=\"7a1895c6\" data-elementor-lightbox-title=\"Lezgino\u011flu \u0130n\u015faat\" data-e-action-hash=\"#elementor-action%3Aaction%3Dlightbox%26settings%3DeyJpZCI6MTI5MCwidXJsIjoiaHR0cHM6XC9cL2xlemdpbm9nbHVpbnNhYXQuY29tXC93cC1jb250ZW50XC91cGxvYWRzXC8yMDI0XC8wN1wvQ0tPWS0xLXNjYWxlZC5qcGciLCJzbGlkZXNob3ciOiI3YTE4OTVjNiJ9\">\n\t\t\t\t\t<div class=\"e-gallery-image elementor-gallery-item__image\" data-thumbnail=\"https:\/\/lezginogluinsaat.com\/wp-content\/uploads\/2024\/07\/CKOY-1-300x169.jpg\" data-width=\"300\" data-height=\"169\" aria-label=\"\" role=\"img\" ><\/div>\n\t\t\t\t\t\t\t\t\t\t\t<div class=\"elementor-gallery-item__overlay\"><\/div>\n\t\t\t\t\t\t\t\t\t\t\t\t\t\t<\/a>\n\t\t\t\t\t<\/div>\n\t\t\t\t\t<\/div>\n\t\t\t\t<\/div>\n\t\t\t\t\t<\/div>\n\t\t\t\t<\/div>\n\t\t<div class=\"elementor-element elementor-element-5035915d e-grid e-con-boxed e-con e-parent\" data-id=\"5035915d\" data-element_type=\"container\">\n\t\t\t\t\t<div class=\"e-con-inner\">\n\t\t\t\t<div class=\"elementor-element elementor-element-7a8f9637 elementor-widget elementor-widget-image\" data-id=\"7a8f9637\" data-element_type=\"widget\" data-widget_type=\"image.default\">\n\t\t\t\t<div class=\"elementor-widget-container\">\n\t\t\t\t\t\t\t\t\t\t\t\t\t\t\t<img fetchpriority=\"high\" decoding=\"async\" width=\"1024\" height=\"576\" src=\"https:\/\/lezginogluinsaat.com\/wp-content\/uploads\/2025\/06\/cekmekoy-saha-1-1024x576.jpg\" class=\"attachment-large size-large wp-image-1503\" alt=\"\" srcset=\"https:\/\/lezginogluinsaat.com\/wp-content\/uploads\/2025\/06\/cekmekoy-saha-1-1024x576.jpg 1024w, https:\/\/lezginogluinsaat.com\/wp-content\/uploads\/2025\/06\/cekmekoy-saha-1-300x169.jpg 300w, https:\/\/lezginogluinsaat.com\/wp-content\/uploads\/2025\/06\/cekmekoy-saha-1-768x432.jpg 768w, https:\/\/lezginogluinsaat.com\/wp-content\/uploads\/2025\/06\/cekmekoy-saha-1-1536x864.jpg 1536w, https:\/\/lezginogluinsaat.com\/wp-content\/uploads\/2025\/06\/cekmekoy-saha-1-2048x1152.jpg 2048w\" sizes=\"(max-width: 1024px) 100vw, 1024px\" \/>\t\t\t\t\t\t\t\t\t\t\t\t\t\t\t<\/div>\n\t\t\t\t<\/div>\n\t\t\t\t<div class=\"elementor-element elementor-element-7213c62c elementor-widget elementor-widget-image\" data-id=\"7213c62c\" data-element_type=\"widget\" data-widget_type=\"image.default\">\n\t\t\t\t<div class=\"elementor-widget-container\">\n\t\t\t\t\t\t\t\t\t\t\t\t\t\t\t<img decoding=\"async\" width=\"1024\" height=\"576\" src=\"https:\/\/lezginogluinsaat.com\/wp-content\/uploads\/2025\/06\/cekmekoy-saha-3-1024x576.jpg\" class=\"attachment-large size-large wp-image-1504\" alt=\"\" srcset=\"https:\/\/lezginogluinsaat.com\/wp-content\/uploads\/2025\/06\/cekmekoy-saha-3-1024x576.jpg 1024w, https:\/\/lezginogluinsaat.com\/wp-content\/uploads\/2025\/06\/cekmekoy-saha-3-300x169.jpg 300w, https:\/\/lezginogluinsaat.com\/wp-content\/uploads\/2025\/06\/cekmekoy-saha-3-768x432.jpg 768w, https:\/\/lezginogluinsaat.com\/wp-content\/uploads\/2025\/06\/cekmekoy-saha-3-1536x864.jpg 1536w, https:\/\/lezginogluinsaat.com\/wp-content\/uploads\/2025\/06\/cekmekoy-saha-3-2048x1152.jpg 2048w\" sizes=\"(max-width: 1024px) 100vw, 1024px\" \/>\t\t\t\t\t\t\t\t\t\t\t\t\t\t\t<\/div>\n\t\t\t\t<\/div>\n\t\t\t\t<div class=\"elementor-element elementor-element-3d83913e elementor-widget elementor-widget-image\" data-id=\"3d83913e\" data-element_type=\"widget\" data-widget_type=\"image.default\">\n\t\t\t\t<div class=\"elementor-widget-container\">\n\t\t\t\t\t\t\t\t\t\t\t\t\t\t\t<img decoding=\"async\" width=\"1024\" height=\"512\" src=\"https:\/\/lezginogluinsaat.com\/wp-content\/uploads\/2025\/06\/cekmekoy-1024x512.jpg\" class=\"attachment-large size-large wp-image-1505\" alt=\"\" srcset=\"https:\/\/lezginogluinsaat.com\/wp-content\/uploads\/2025\/06\/cekmekoy-1024x512.jpg 1024w, https:\/\/lezginogluinsaat.com\/wp-content\/uploads\/2025\/06\/cekmekoy-300x150.jpg 300w, https:\/\/lezginogluinsaat.com\/wp-content\/uploads\/2025\/06\/cekmekoy-768x384.jpg 768w, https:\/\/lezginogluinsaat.com\/wp-content\/uploads\/2025\/06\/cekmekoy-1536x768.jpg 1536w, https:\/\/lezginogluinsaat.com\/wp-content\/uploads\/2025\/06\/cekmekoy.jpg 1600w\" sizes=\"(max-width: 1024px) 100vw, 1024px\" \/>\t\t\t\t\t\t\t\t\t\t\t\t\t\t\t<\/div>\n\t\t\t\t<\/div>\n\t\t\t\t<div class=\"elementor-element elementor-element-7716cca9 elementor-widget elementor-widget-image\" data-id=\"7716cca9\" data-element_type=\"widget\" data-widget_type=\"image.default\">\n\t\t\t\t<div class=\"elementor-widget-container\">\n\t\t\t\t\t\t\t\t\t\t\t\t\t\t\t<img loading=\"lazy\" decoding=\"async\" width=\"1024\" height=\"577\" src=\"https:\/\/lezginogluinsaat.com\/wp-content\/uploads\/2025\/06\/cekmekoy-3-1024x577.jpg\" class=\"attachment-large size-large wp-image-1506\" alt=\"\" srcset=\"https:\/\/lezginogluinsaat.com\/wp-content\/uploads\/2025\/06\/cekmekoy-3-1024x577.jpg 1024w, https:\/\/lezginogluinsaat.com\/wp-content\/uploads\/2025\/06\/cekmekoy-3-300x169.jpg 300w, https:\/\/lezginogluinsaat.com\/wp-content\/uploads\/2025\/06\/cekmekoy-3-768x432.jpg 768w, https:\/\/lezginogluinsaat.com\/wp-content\/uploads\/2025\/06\/cekmekoy-3-1536x865.jpg 1536w, https:\/\/lezginogluinsaat.com\/wp-content\/uploads\/2025\/06\/cekmekoy-3.jpg 1600w\" sizes=\"(max-width: 1024px) 100vw, 1024px\" \/>\t\t\t\t\t\t\t\t\t\t\t\t\t\t\t<\/div>\n\t\t\t\t<\/div>\n\t\t\t\t<div class=\"elementor-element elementor-element-a4602e elementor-widget elementor-widget-image\" data-id=\"a4602e\" data-element_type=\"widget\" data-widget_type=\"image.default\">\n\t\t\t\t<div class=\"elementor-widget-container\">\n\t\t\t\t\t\t\t\t\t\t\t\t\t\t\t<img loading=\"lazy\" decoding=\"async\" width=\"1024\" height=\"576\" src=\"https:\/\/lezginogluinsaat.com\/wp-content\/uploads\/2025\/06\/CKOY.2-1024x576.jpg\" class=\"attachment-large size-large wp-image-1507\" alt=\"\" srcset=\"https:\/\/lezginogluinsaat.com\/wp-content\/uploads\/2025\/06\/CKOY.2-1024x576.jpg 1024w, https:\/\/lezginogluinsaat.com\/wp-content\/uploads\/2025\/06\/CKOY.2-300x169.jpg 300w, https:\/\/lezginogluinsaat.com\/wp-content\/uploads\/2025\/06\/CKOY.2-768x432.jpg 768w, https:\/\/lezginogluinsaat.com\/wp-content\/uploads\/2025\/06\/CKOY.2-1536x864.jpg 1536w, https:\/\/lezginogluinsaat.com\/wp-content\/uploads\/2025\/06\/CKOY.2-2048x1152.jpg 2048w\" sizes=\"(max-width: 1024px) 100vw, 1024px\" \/>\t\t\t\t\t\t\t\t\t\t\t\t\t\t\t<\/div>\n\t\t\t\t<\/div>\n\t\t\t\t<div class=\"elementor-element elementor-element-65cf8501 elementor-widget elementor-widget-image\" data-id=\"65cf8501\" data-element_type=\"widget\" data-widget_type=\"image.default\">\n\t\t\t\t<div class=\"elementor-widget-container\">\n\t\t\t\t\t\t\t\t\t\t\t\t\t\t\t<img loading=\"lazy\" decoding=\"async\" width=\"1024\" height=\"576\" src=\"https:\/\/lezginogluinsaat.com\/wp-content\/uploads\/2025\/06\/CKOY-1024x576.jpg\" class=\"attachment-large size-large wp-image-1508\" alt=\"\" srcset=\"https:\/\/lezginogluinsaat.com\/wp-content\/uploads\/2025\/06\/CKOY-1024x576.jpg 1024w, https:\/\/lezginogluinsaat.com\/wp-content\/uploads\/2025\/06\/CKOY-300x169.jpg 300w, https:\/\/lezginogluinsaat.com\/wp-content\/uploads\/2025\/06\/CKOY-768x432.jpg 768w, https:\/\/lezginogluinsaat.com\/wp-content\/uploads\/2025\/06\/CKOY-1536x864.jpg 1536w, https:\/\/lezginogluinsaat.com\/wp-content\/uploads\/2025\/06\/CKOY-2048x1152.jpg 2048w\" sizes=\"(max-width: 1024px) 100vw, 1024px\" \/>\t\t\t\t\t\t\t\t\t\t\t\t\t\t\t<\/div>\n\t\t\t\t<\/div>\n\t\t\t\t\t<\/div>\n\t\t\t\t<\/div>\n\t\t\t\t<\/div>\n\t\t","protected":false},"excerpt":{"rendered":"","protected":false},"author":1,"featured_media":0,"parent":0,"menu_order":0,"comment_status":"closed","ping_status":"closed","template":"","meta":{"_kad_post_transparent":"default","_kad_post_title":"hide","_kad_post_layout":"fullwidth","_kad_post_sidebar_id":"","_kad_post_content_style":"unboxed","_kad_post_vertical_padding":"hide","_kad_post_feature":"hide","_kad_post_feature_position":"","_kad_post_header":false,"_kad_post_footer":false,"footnotes":""},"class_list":["post-1169","page","type-page","status-publish","hentry"],"_links":{"self":[{"href":"https:\/\/lezginogluinsaat.com\/index.php\/wp-json\/wp\/v2\/pages\/1169","targetHints":{"allow":["GET"]}}],"collection":[{"href":"https:\/\/lezginogluinsaat.com\/index.php\/wp-json\/wp\/v2\/pages"}],"about":[{"href":"https:\/\/lezginogluinsaat.com\/index.php\/wp-json\/wp\/v2\/types\/page"}],"author":[{"embeddable":true,"href":"https:\/\/lezginogluinsaat.com\/index.php\/wp-json\/wp\/v2\/users\/1"}],"replies":[{"embeddable":true,"href":"https:\/\/lezginogluinsaat.com\/index.php\/wp-json\/wp\/v2\/comments?post=1169"}],"version-history":[{"count":19,"href":"https:\/\/lezginogluinsaat.com\/index.php\/wp-json\/wp\/v2\/pages\/1169\/revisions"}],"predecessor-version":[{"id":1511,"href":"https:\/\/lezginogluinsaat.com\/index.php\/wp-json\/wp\/v2\/pages\/1169\/revisions\/1511"}],"wp:attachment":[{"href":"https:\/\/lezginogluinsaat.com\/index.php\/wp-json\/wp\/v2\/media?parent=1169"}],"curies":[{"name":"wp","href":"https:\/\/api.w.org\/{rel}","templated":true}]}}