{"id":1137,"date":"2024-07-02T08:28:04","date_gmt":"2024-07-02T08:28:04","guid":{"rendered":"https:\/\/lezginogluinsaat.com\/?page_id=1137"},"modified":"2025-07-09T14:50:05","modified_gmt":"2025-07-09T14:50:05","slug":"biten-projeler","status":"publish","type":"page","link":"https:\/\/lezginogluinsaat.com\/index.php\/biten-projeler\/","title":{"rendered":"B\u0130TEN PROJELER"},"content":{"rendered":"\t\t<div data-elementor-type=\"wp-page\" data-elementor-id=\"1137\" class=\"elementor elementor-1137\" data-elementor-post-type=\"page\">\n\t\t\t\t<div class=\"elementor-element elementor-element-15cd6c95 e-con-full e-flex e-con e-parent\" data-id=\"15cd6c95\" data-element_type=\"container\" data-settings=\"{&quot;background_background&quot;:&quot;classic&quot;}\">\n\t\t\t\t<\/div>\n\t\t<div class=\"elementor-element elementor-element-155c2397 e-flex e-con-boxed e-con e-parent\" data-id=\"155c2397\" data-element_type=\"container\">\n\t\t\t\t\t<div class=\"e-con-inner\">\n\t\t<div class=\"elementor-element elementor-element-2c3448bc e-con-full e-flex e-con e-child\" data-id=\"2c3448bc\" data-element_type=\"container\">\n\t\t\t\t<div class=\"elementor-element elementor-element-38f83556 elementor-cta--skin-classic elementor-animated-content elementor-bg-transform elementor-bg-transform-zoom-in elementor-widget elementor-widget-call-to-action\" data-id=\"38f83556\" data-element_type=\"widget\" data-widget_type=\"call-to-action.default\">\n\t\t\t\t<div class=\"elementor-widget-container\">\n\t\t\t\t\t\t\t<div class=\"elementor-cta\">\n\t\t\t\t\t<div class=\"elementor-cta__bg-wrapper\">\n\t\t\t\t<div class=\"elementor-cta__bg elementor-bg\" style=\"background-image: url(https:\/\/lezginogluinsaat.com\/wp-content\/uploads\/2024\/07\/EMLAK-KONUT-MIMAR-SINAN-EVLERI-SULTANBEYLI2.fw_.png);\" role=\"img\" aria-label=\"EMLAK KONUT M\u0130MAR S\u0130NAN EVLER\u0130 SULTANBEYL\u01302.fw\"><\/div>\n\t\t\t\t<div class=\"elementor-cta__bg-overlay\"><\/div>\n\t\t\t<\/div>\n\t\t\t\t\t\t\t<div class=\"elementor-cta__content\">\n\t\t\t\t\n\t\t\t\t\t\t\t\t\t<h2 class=\"elementor-cta__title elementor-cta__content-item elementor-content-item\">\n\t\t\t\t\t\tEMLAK KONUT M\u0130MAR S\u0130NAN EVLER\u0130 SULTANBEYL\u0130\t\t\t\t\t<\/h2>\n\t\t\t\t\n\t\t\t\t\t\t\t\t\t<div class=\"elementor-cta__description elementor-cta__content-item elementor-content-item\">\n\t\t\t\t\t\tProjemizdeki detaylar  i\u00e7in t\u0131klay\u0131n\u0131z\t\t\t\t\t<\/div>\n\t\t\t\t\n\t\t\t\t\t\t\t\t\t<div class=\"elementor-cta__button-wrapper elementor-cta__content-item elementor-content-item \">\n\t\t\t\t\t<a class=\"elementor-cta__button elementor-button elementor-size-sm\" href=\"https:\/\/lezginogluinsaat.com\/index.php\/mimar-sinan-evleri\/\">\n\t\t\t\t\t\tDaha Fazlas\u0131\t\t\t\t\t<\/a>\n\t\t\t\t\t<\/div>\n\t\t\t\t\t\t\t<\/div>\n\t\t\t\t\t\t<\/div>\n\t\t\t\t\t\t<\/div>\n\t\t\t\t<\/div>\n\t\t\t\t<div class=\"elementor-element elementor-element-c4513d2 elementor-cta--layout-image-above elementor-cta--skin-classic elementor-animated-content elementor-bg-transform elementor-bg-transform-zoom-in elementor-widget elementor-widget-call-to-action\" data-id=\"c4513d2\" data-element_type=\"widget\" data-widget_type=\"call-to-action.default\">\n\t\t\t\t<div class=\"elementor-widget-container\">\n\t\t\t\t\t\t\t<div class=\"elementor-cta\">\n\t\t\t\t\t<div class=\"elementor-cta__bg-wrapper\">\n\t\t\t\t<div class=\"elementor-cta__bg elementor-bg\" style=\"background-image: url(https:\/\/lezginogluinsaat.com\/wp-content\/uploads\/2025\/06\/cekmekoy-3-1024x577.jpg);\" role=\"img\" aria-label=\"\u00e7ekmek\u00f6y-3\"><\/div>\n\t\t\t\t<div class=\"elementor-cta__bg-overlay\"><\/div>\n\t\t\t<\/div>\n\t\t\t\t\t\t\t<div class=\"elementor-cta__content\">\n\t\t\t\t\n\t\t\t\t\t\t\t\t\t<h2 class=\"elementor-cta__title elementor-cta__content-item elementor-content-item\">\n\t\t\t\t\t\t\u00c7INARK\u00d6Y EVLER\u0130 \u00c7EKMEK\u00d6Y TOPLU KONUT PROJES\u0130\t\t\t\t\t<\/h2>\n\t\t\t\t\n\t\t\t\t\t\t\t\t\t<div class=\"elementor-cta__description elementor-cta__content-item elementor-content-item\">\n\t\t\t\t\t\tProjemizdeki detaylar  i\u00e7in t\u0131klay\u0131n\u0131z\t\t\t\t\t<\/div>\n\t\t\t\t\n\t\t\t\t\t\t\t\t\t<div class=\"elementor-cta__button-wrapper elementor-cta__content-item elementor-content-item \">\n\t\t\t\t\t<a class=\"elementor-cta__button elementor-button elementor-size-sm\" href=\"https:\/\/lezginogluinsaat.com\/index.php\/emlak-konut-cinarkoy-evleri\/\">\n\t\t\t\t\t\tDaha Fazlas\u0131\t\t\t\t\t<\/a>\n\t\t\t\t\t<\/div>\n\t\t\t\t\t\t\t<\/div>\n\t\t\t\t\t\t<\/div>\n\t\t\t\t\t\t<\/div>\n\t\t\t\t<\/div>\n\t\t\t\t<div class=\"elementor-element elementor-element-217ef21 elementor-cta--skin-classic elementor-animated-content elementor-bg-transform elementor-bg-transform-zoom-in elementor-widget elementor-widget-call-to-action\" data-id=\"217ef21\" data-element_type=\"widget\" data-widget_type=\"call-to-action.default\">\n\t\t\t\t<div class=\"elementor-widget-container\">\n\t\t\t\t\t\t\t<div class=\"elementor-cta\">\n\t\t\t\t\t<div class=\"elementor-cta__bg-wrapper\">\n\t\t\t\t<div class=\"elementor-cta__bg elementor-bg\" style=\"background-image: url(https:\/\/lezginogluinsaat.com\/wp-content\/uploads\/2025\/06\/antalya-1-1024x467.jpg);\" role=\"img\" aria-label=\"antalya 1\"><\/div>\n\t\t\t\t<div class=\"elementor-cta__bg-overlay\"><\/div>\n\t\t\t<\/div>\n\t\t\t\t\t\t\t<div class=\"elementor-cta__content\">\n\t\t\t\t\n\t\t\t\t\t\t\t\t\t<h2 class=\"elementor-cta__title elementor-cta__content-item elementor-content-item\">\n\t\t\t\t\t\tRENG\u0130 ANTALYA PREM\u0130UM TOPLU KONUT PROJES\u0130\t\t\t\t\t<\/h2>\n\t\t\t\t\n\t\t\t\t\t\t\t\t\t<div class=\"elementor-cta__description elementor-cta__content-item elementor-content-item\">\n\t\t\t\t\t\tProjemizdeki detaylar  i\u00e7in t\u0131klay\u0131n\u0131z\t\t\t\t\t<\/div>\n\t\t\t\t\n\t\t\t\t\t\t\t\t\t<div class=\"elementor-cta__button-wrapper elementor-cta__content-item elementor-content-item \">\n\t\t\t\t\t<a class=\"elementor-cta__button elementor-button elementor-size-sm\" href=\"https:\/\/lezginogluinsaat.com\/index.php\/rengi-antalya-premium-projesi\/\">\n\t\t\t\t\t\tDaha Fazlas\u0131\t\t\t\t\t<\/a>\n\t\t\t\t\t<\/div>\n\t\t\t\t\t\t\t<\/div>\n\t\t\t\t\t\t<\/div>\n\t\t\t\t\t\t<\/div>\n\t\t\t\t<\/div>\n\t\t\t\t<\/div>\n\t\t<div class=\"elementor-element elementor-element-6a2df4f5 e-con-full e-flex e-con e-child\" data-id=\"6a2df4f5\" data-element_type=\"container\">\n\t\t\t\t<div class=\"elementor-element elementor-element-20d274da elementor-widget__width-initial elementor-cta--skin-classic elementor-animated-content elementor-bg-transform elementor-bg-transform-zoom-in elementor-widget elementor-widget-call-to-action\" data-id=\"20d274da\" data-element_type=\"widget\" data-widget_type=\"call-to-action.default\">\n\t\t\t\t<div class=\"elementor-widget-container\">\n\t\t\t\t\t\t\t<div class=\"elementor-cta\">\n\t\t\t\t\t<div class=\"elementor-cta__bg-wrapper\">\n\t\t\t\t<div class=\"elementor-cta__bg elementor-bg\" style=\"background-image: url(https:\/\/lezginogluinsaat.com\/wp-content\/uploads\/2024\/07\/ALTINDAG-ESKI-BELEDIYE-BINASI-ANKARA2.fw_.png);\" role=\"img\" aria-label=\"ALTINDA\u011e ESK\u0130 BELED\u0130YE B\u0130NASI ANKARA2.fw\"><\/div>\n\t\t\t\t<div class=\"elementor-cta__bg-overlay\"><\/div>\n\t\t\t<\/div>\n\t\t\t\t\t\t\t<div class=\"elementor-cta__content\">\n\t\t\t\t\n\t\t\t\t\t\t\t\t\t<h2 class=\"elementor-cta__title elementor-cta__content-item elementor-content-item\">\n\t\t\t\t\t\tANKARA ALTINDA\u011e  BELED\u0130YE B\u0130NASI VE OTOPARK PROJES\u0130\t\t\t\t\t<\/h2>\n\t\t\t\t\n\t\t\t\t\t\t\t\t\t<div class=\"elementor-cta__description elementor-cta__content-item elementor-content-item\">\n\t\t\t\t\t\t projemizdeki detaylar\u0131m\u0131z i\u00e7in t\u0131klay\u0131n\u0131z\t\t\t\t\t<\/div>\n\t\t\t\t\n\t\t\t\t\t\t\t\t\t<div class=\"elementor-cta__button-wrapper elementor-cta__content-item elementor-content-item \">\n\t\t\t\t\t<a class=\"elementor-cta__button elementor-button elementor-size-sm\" href=\"https:\/\/lezginogluinsaat.com\/index.php\/altindag-eski-belediye-binasi-projemiz\/\">\n\t\t\t\t\t\tDaha Fazlas\u0131\t\t\t\t\t<\/a>\n\t\t\t\t\t<\/div>\n\t\t\t\t\t\t\t<\/div>\n\t\t\t\t\t\t<\/div>\n\t\t\t\t\t\t<\/div>\n\t\t\t\t<\/div>\n\t\t\t\t<div class=\"elementor-element elementor-element-f909947 elementor-widget__width-initial elementor-cta--skin-classic elementor-animated-content elementor-bg-transform elementor-bg-transform-zoom-in elementor-widget elementor-widget-call-to-action\" data-id=\"f909947\" data-element_type=\"widget\" data-widget_type=\"call-to-action.default\">\n\t\t\t\t<div class=\"elementor-widget-container\">\n\t\t\t\t\t\t\t<div class=\"elementor-cta\">\n\t\t\t\t\t<div class=\"elementor-cta__bg-wrapper\">\n\t\t\t\t<div class=\"elementor-cta__bg elementor-bg\" style=\"background-image: url(https:\/\/lezginogluinsaat.com\/wp-content\/uploads\/2025\/06\/cekmekoy-1024x512.jpg);\" role=\"img\" aria-label=\"\u00e7ekmek\u00f6y\"><\/div>\n\t\t\t\t<div class=\"elementor-cta__bg-overlay\"><\/div>\n\t\t\t<\/div>\n\t\t\t\t\t\t\t<div class=\"elementor-cta__content\">\n\t\t\t\t\n\t\t\t\t\t\t\t\t\t<h2 class=\"elementor-cta__title elementor-cta__content-item elementor-content-item\">\n\t\t\t\t\t\t\u0130STANBUL MALTEPE \u0130ETT BLOKLARI KENTSEL D\u00d6N\u00dc\u015e\u00dcM PROJES\u0130\t\t\t\t\t<\/h2>\n\t\t\t\t\n\t\t\t\t\t\t\t\t\t<div class=\"elementor-cta__description elementor-cta__content-item elementor-content-item\">\n\t\t\t\t\t\tProjemizdeki detaylar  i\u00e7in t\u0131klay\u0131n\u0131z\t\t\t\t\t<\/div>\n\t\t\t\t\n\t\t\t\t\t\t\t\t\t<div class=\"elementor-cta__button-wrapper elementor-cta__content-item elementor-content-item \">\n\t\t\t\t\t<a class=\"elementor-cta__button elementor-button elementor-size-sm\" href=\"https:\/\/lezginogluinsaat.com\/index.php\/istanbul-maltepe-iett-bloklari-kentsel-donusum\/\">\n\t\t\t\t\t\tDaha Fazlas\u0131\t\t\t\t\t<\/a>\n\t\t\t\t\t<\/div>\n\t\t\t\t\t\t\t<\/div>\n\t\t\t\t\t\t<\/div>\n\t\t\t\t\t\t<\/div>\n\t\t\t\t<\/div>\n\t\t\t\t<\/div>\n\t\t\t\t\t<\/div>\n\t\t\t\t<\/div>\n\t\t\t\t<\/div>\n\t\t","protected":false},"excerpt":{"rendered":"<p>EMLAK KONUT M\u0130MAR S\u0130NAN EVLER\u0130 SULTANBEYL\u0130 Projemizdeki detaylar i\u00e7in t\u0131klay\u0131n\u0131z Daha Fazlas\u0131 \u00c7INARK\u00d6Y EVLER\u0130 \u00c7EKMEK\u00d6Y TOPLU KONUT PROJES\u0130 Projemizdeki detaylar i\u00e7in t\u0131klay\u0131n\u0131z Daha Fazlas\u0131 RENG\u0130 ANTALYA PREM\u0130UM TOPLU KONUT PROJES\u0130 Projemizdeki detaylar i\u00e7in t\u0131klay\u0131n\u0131z Daha Fazlas\u0131 ANKARA ALTINDA\u011e BELED\u0130YE B\u0130NASI VE OTOPARK PROJES\u0130 projemizdeki detaylar\u0131m\u0131z i\u00e7in t\u0131klay\u0131n\u0131z Daha Fazlas\u0131 \u0130STANBUL MALTEPE \u0130ETT BLOKLARI KENTSEL D\u00d6N\u00dc\u015e\u00dcM&#8230;<\/p>\n","protected":false},"author":1,"featured_media":0,"parent":0,"menu_order":0,"comment_status":"closed","ping_status":"closed","template":"","meta":{"_kad_post_transparent":"default","_kad_post_title":"hide","_kad_post_layout":"fullwidth","_kad_post_sidebar_id":"","_kad_post_content_style":"unboxed","_kad_post_vertical_padding":"hide","_kad_post_feature":"hide","_kad_post_feature_position":"","_kad_post_header":false,"_kad_post_footer":false,"footnotes":""},"class_list":["post-1137","page","type-page","status-publish","hentry"],"_links":{"self":[{"href":"https:\/\/lezginogluinsaat.com\/index.php\/wp-json\/wp\/v2\/pages\/1137","targetHints":{"allow":["GET"]}}],"collection":[{"href":"https:\/\/lezginogluinsaat.com\/index.php\/wp-json\/wp\/v2\/pages"}],"about":[{"href":"https:\/\/lezginogluinsaat.com\/index.php\/wp-json\/wp\/v2\/types\/page"}],"author":[{"embeddable":true,"href":"https:\/\/lezginogluinsaat.com\/index.php\/wp-json\/wp\/v2\/users\/1"}],"replies":[{"embeddable":true,"href":"https:\/\/lezginogluinsaat.com\/index.php\/wp-json\/wp\/v2\/comments?post=1137"}],"version-history":[{"count":46,"href":"https:\/\/lezginogluinsaat.com\/index.php\/wp-json\/wp\/v2\/pages\/1137\/revisions"}],"predecessor-version":[{"id":1557,"href":"https:\/\/lezginogluinsaat.com\/index.php\/wp-json\/wp\/v2\/pages\/1137\/revisions\/1557"}],"wp:attachment":[{"href":"https:\/\/lezginogluinsaat.com\/index.php\/wp-json\/wp\/v2\/media?parent=1137"}],"curies":[{"name":"wp","href":"https:\/\/api.w.org\/{rel}","templated":true}]}}