{"id":1099,"date":"2024-07-02T07:57:32","date_gmt":"2024-07-02T07:57:32","guid":{"rendered":"https:\/\/lezginogluinsaat.com\/?page_id=1099"},"modified":"2025-07-31T08:36:45","modified_gmt":"2025-07-31T08:36:45","slug":"devam-eden-projeler","status":"publish","type":"page","link":"https:\/\/lezginogluinsaat.com\/index.php\/devam-eden-projeler\/","title":{"rendered":"Devam Eden Projeler"},"content":{"rendered":"\t\t<div data-elementor-type=\"wp-page\" data-elementor-id=\"1099\" class=\"elementor elementor-1099\" data-elementor-post-type=\"page\">\n\t\t\t\t<div class=\"elementor-element elementor-element-8d1e46f e-con-full e-flex e-con e-parent\" data-id=\"8d1e46f\" data-element_type=\"container\" data-settings=\"{&quot;background_background&quot;:&quot;classic&quot;}\">\n\t\t\t\t<\/div>\n\t\t<div class=\"elementor-element elementor-element-43b98f2 e-flex e-con-boxed e-con e-parent\" data-id=\"43b98f2\" data-element_type=\"container\">\n\t\t\t\t\t<div class=\"e-con-inner\">\n\t\t<div class=\"elementor-element elementor-element-2c358c6 e-con-full e-flex e-con e-child\" data-id=\"2c358c6\" data-element_type=\"container\">\n\t\t\t\t<div class=\"elementor-element elementor-element-c30860e elementor-cta--skin-classic elementor-animated-content elementor-bg-transform elementor-bg-transform-zoom-in elementor-widget elementor-widget-call-to-action\" data-id=\"c30860e\" data-element_type=\"widget\" data-widget_type=\"call-to-action.default\">\n\t\t\t\t<div class=\"elementor-widget-container\">\n\t\t\t\t\t\t\t<div class=\"elementor-cta\">\n\t\t\t\t\t<div class=\"elementor-cta__bg-wrapper\">\n\t\t\t\t<div class=\"elementor-cta__bg elementor-bg\" style=\"background-image: url(https:\/\/lezginogluinsaat.com\/wp-content\/uploads\/2025\/06\/IZMIR-1024x768.jpeg);\" role=\"img\" aria-label=\"\u0130ZM\u0130R\"><\/div>\n\t\t\t\t<div class=\"elementor-cta__bg-overlay\"><\/div>\n\t\t\t<\/div>\n\t\t\t\t\t\t\t<div class=\"elementor-cta__content\">\n\t\t\t\t\n\t\t\t\t\t\t\t\t\t<h2 class=\"elementor-cta__title elementor-cta__content-item elementor-content-item\">\n\t\t\t\t\t\t\u0130ZM\u0130R\/BAYRAKLI BORAN S\u0130TES\u0130 KENTSEL D\u00d6N\u00dc\u015e\u00dcM PROJES\u0130 \t\t\t\t\t<\/h2>\n\t\t\t\t\n\t\t\t\t\t\t\t\t\t<div class=\"elementor-cta__description elementor-cta__content-item elementor-content-item\">\n\t\t\t\t\t\tProjemizdeki i\u00e7erik bilgi ve detayl\u0131 g\u00f6rseller i\u00e7in t\u0131klay\u0131n\u0131z\t\t\t\t\t<\/div>\n\t\t\t\t\n\t\t\t\t\t\t\t\t\t<div class=\"elementor-cta__button-wrapper elementor-cta__content-item elementor-content-item \">\n\t\t\t\t\t<a class=\"elementor-cta__button elementor-button elementor-size-sm\" href=\"https:\/\/lezginogluinsaat.com\/index.php\/izmir-bayrakli-boran-sitesi-kentsel-donusum-projesi\/\">\n\t\t\t\t\t\tDaha Fazlas\u0131\t\t\t\t\t<\/a>\n\t\t\t\t\t<\/div>\n\t\t\t\t\t\t\t<\/div>\n\t\t\t\t\t\t<\/div>\n\t\t\t\t\t\t<\/div>\n\t\t\t\t<\/div>\n\t\t\t\t<\/div>\n\t\t<div class=\"elementor-element elementor-element-8c92fdd e-con-full e-flex e-con e-child\" data-id=\"8c92fdd\" data-element_type=\"container\">\n\t\t\t\t<div class=\"elementor-element elementor-element-f4381fd elementor-widget__width-initial elementor-cta--skin-classic elementor-animated-content elementor-bg-transform elementor-bg-transform-zoom-in elementor-widget elementor-widget-call-to-action\" data-id=\"f4381fd\" data-element_type=\"widget\" data-widget_type=\"call-to-action.default\">\n\t\t\t\t<div class=\"elementor-widget-container\">\n\t\t\t\t\t\t\t<div class=\"elementor-cta\">\n\t\t\t\t\t<div class=\"elementor-cta__bg-wrapper\">\n\t\t\t\t<div class=\"elementor-cta__bg elementor-bg\" style=\"background-image: url(https:\/\/lezginogluinsaat.com\/wp-content\/uploads\/2025\/07\/WhatsApp-Image-2025-06-12-at-13.58.03-1-1024x768.jpeg);\" role=\"img\" aria-label=\"WhatsApp Image 2025-06-12 at 13.58.03 (1)\"><\/div>\n\t\t\t\t<div class=\"elementor-cta__bg-overlay\"><\/div>\n\t\t\t<\/div>\n\t\t\t\t\t\t\t<div class=\"elementor-cta__content\">\n\t\t\t\t\n\t\t\t\t\t\t\t\t\t<h2 class=\"elementor-cta__title elementor-cta__content-item elementor-content-item\">\n\t\t\t\t\t\tKAHRAMANMARA\u015e\/ELB\u0130STAN 1. ETAP KONUT VE T\u0130CARET ALANI \u0130N\u015eAAT PROJES\u0130\t\t\t\t\t<\/h2>\n\t\t\t\t\n\t\t\t\t\t\t\t\t\t<div class=\"elementor-cta__description elementor-cta__content-item elementor-content-item\">\n\t\t\t\t\t\tProjemizdeki i\u00e7erik bilgi ve detayl\u0131 g\u00f6rseller i\u00e7in t\u0131klay\u0131n\u0131z\t\t\t\t\t<\/div>\n\t\t\t\t\n\t\t\t\t\t\t\t\t\t<div class=\"elementor-cta__button-wrapper elementor-cta__content-item elementor-content-item \">\n\t\t\t\t\t<a class=\"elementor-cta__button elementor-button elementor-size-sm\" href=\"https:\/\/lezginogluinsaat.com\/index.php\/kahramanmaras-elbistan-1-etap-konut-ve-ticaret-alani-insaat-projesi\/\">\n\t\t\t\t\t\tDaha Fazlas\u0131\t\t\t\t\t<\/a>\n\t\t\t\t\t<\/div>\n\t\t\t\t\t\t\t<\/div>\n\t\t\t\t\t\t<\/div>\n\t\t\t\t\t\t<\/div>\n\t\t\t\t<\/div>\n\t\t\t\t<\/div>\n\t\t\t\t\t<\/div>\n\t\t\t\t<\/div>\n\t\t<div class=\"elementor-element elementor-element-75d0d32 e-flex e-con-boxed e-con e-parent\" data-id=\"75d0d32\" data-element_type=\"container\">\n\t\t\t\t\t<div class=\"e-con-inner\">\n\t\t\t\t<div class=\"elementor-element elementor-element-bcb11f4 elementor-cta--layout-image-above elementor-cta--skin-classic elementor-animated-content elementor-bg-transform elementor-bg-transform-zoom-in elementor-widget elementor-widget-call-to-action\" data-id=\"bcb11f4\" data-element_type=\"widget\" data-widget_type=\"call-to-action.default\">\n\t\t\t\t<div class=\"elementor-widget-container\">\n\t\t\t\t\t\t\t<div class=\"elementor-cta\">\n\t\t\t\t\t<div class=\"elementor-cta__bg-wrapper\">\n\t\t\t\t<div class=\"elementor-cta__bg elementor-bg\" style=\"background-image: url(https:\/\/lezginogluinsaat.com\/wp-content\/uploads\/2025\/07\/WhatsApp-Image-2025-07-31-at-09.52.59-1-1024x576.jpeg);\" role=\"img\" aria-label=\"WhatsApp Image 2025-07-31 at 09.52.59 (1)\"><\/div>\n\t\t\t\t<div class=\"elementor-cta__bg-overlay\"><\/div>\n\t\t\t<\/div>\n\t\t\t\t\t\t\t<div class=\"elementor-cta__content\">\n\t\t\t\t\n\t\t\t\t\t\t\t\t\t<h2 class=\"elementor-cta__title elementor-cta__content-item elementor-content-item\">\n\t\t\t\t\t\tE.P.P. OF\u0130SLER\u0130 \u0130NCE \u0130MALAT \u0130\u015eLER\u0130\t\t\t\t\t<\/h2>\n\t\t\t\t\n\t\t\t\t\t\t\t\t\t<div class=\"elementor-cta__description elementor-cta__content-item elementor-content-item\">\n\t\t\t\t\t\tProjemizdeki i\u00e7erik bilgi ve detayl\u0131 g\u00f6rseller i\u00e7in t\u0131klay\u0131n\u0131z\t\t\t\t\t<\/div>\n\t\t\t\t\n\t\t\t\t\t\t\t\t\t<div class=\"elementor-cta__button-wrapper elementor-cta__content-item elementor-content-item \">\n\t\t\t\t\t<a class=\"elementor-cta__button elementor-button elementor-size-sm\" href=\"https:\/\/lezginogluinsaat.com\/index.php\/e-p-p-ofis-ince-isleri\/\">\n\t\t\t\t\t\tDaha Fazlas\u0131\t\t\t\t\t<\/a>\n\t\t\t\t\t<\/div>\n\t\t\t\t\t\t\t<\/div>\n\t\t\t\t\t\t<\/div>\n\t\t\t\t\t\t<\/div>\n\t\t\t\t<\/div>\n\t\t\t\t\t<\/div>\n\t\t\t\t<\/div>\n\t\t\t\t<\/div>\n\t\t","protected":false},"excerpt":{"rendered":"<p>\u0130ZM\u0130R\/BAYRAKLI BORAN S\u0130TES\u0130 KENTSEL D\u00d6N\u00dc\u015e\u00dcM PROJES\u0130 Projemizdeki i\u00e7erik bilgi ve detayl\u0131 g\u00f6rseller i\u00e7in t\u0131klay\u0131n\u0131z Daha Fazlas\u0131 KAHRAMANMARA\u015e\/ELB\u0130STAN 1. ETAP KONUT VE T\u0130CARET ALANI \u0130N\u015eAAT PROJES\u0130 Projemizdeki i\u00e7erik bilgi ve detayl\u0131 g\u00f6rseller i\u00e7in t\u0131klay\u0131n\u0131z Daha Fazlas\u0131 E.P.P. OF\u0130SLER\u0130 \u0130NCE \u0130MALAT \u0130\u015eLER\u0130 Projemizdeki i\u00e7erik bilgi ve detayl\u0131 g\u00f6rseller i\u00e7in t\u0131klay\u0131n\u0131z Daha Fazlas\u0131<\/p>\n","protected":false},"author":1,"featured_media":0,"parent":0,"menu_order":0,"comment_status":"closed","ping_status":"closed","template":"","meta":{"_kad_post_transparent":"default","_kad_post_title":"hide","_kad_post_layout":"fullwidth","_kad_post_sidebar_id":"","_kad_post_content_style":"unboxed","_kad_post_vertical_padding":"hide","_kad_post_feature":"hide","_kad_post_feature_position":"","_kad_post_header":false,"_kad_post_footer":false,"footnotes":""},"class_list":["post-1099","page","type-page","status-publish","hentry"],"_links":{"self":[{"href":"https:\/\/lezginogluinsaat.com\/index.php\/wp-json\/wp\/v2\/pages\/1099","targetHints":{"allow":["GET"]}}],"collection":[{"href":"https:\/\/lezginogluinsaat.com\/index.php\/wp-json\/wp\/v2\/pages"}],"about":[{"href":"https:\/\/lezginogluinsaat.com\/index.php\/wp-json\/wp\/v2\/types\/page"}],"author":[{"embeddable":true,"href":"https:\/\/lezginogluinsaat.com\/index.php\/wp-json\/wp\/v2\/users\/1"}],"replies":[{"embeddable":true,"href":"https:\/\/lezginogluinsaat.com\/index.php\/wp-json\/wp\/v2\/comments?post=1099"}],"version-history":[{"count":65,"href":"https:\/\/lezginogluinsaat.com\/index.php\/wp-json\/wp\/v2\/pages\/1099\/revisions"}],"predecessor-version":[{"id":1717,"href":"https:\/\/lezginogluinsaat.com\/index.php\/wp-json\/wp\/v2\/pages\/1099\/revisions\/1717"}],"wp:attachment":[{"href":"https:\/\/lezginogluinsaat.com\/index.php\/wp-json\/wp\/v2\/media?parent=1099"}],"curies":[{"name":"wp","href":"https:\/\/api.w.org\/{rel}","templated":true}]}}